{"id":95,"date":"2019-02-01T17:14:35","date_gmt":"2019-02-01T17:14:35","guid":{"rendered":"http:\/\/asvfuchshecke.de\/?page_id=95"},"modified":"2022-05-08T17:06:44","modified_gmt":"2022-05-08T17:06:44","slug":"home","status":"publish","type":"page","link":"http:\/\/asvfuchshecke.de\/","title":{"rendered":"Startseite"},"content":{"rendered":"\n<div class=\"wp-block-image\"><figure class=\"alignright is-resized\"><img loading=\"lazy\" decoding=\"async\" src=\"http:\/\/asvfuchshecke.de\/wp-content\/uploads\/2019\/01\/IMG-20190118-WA0001.jpg\" alt=\"\" class=\"wp-image-93\" width=\"144\" height=\"256\" srcset=\"http:\/\/asvfuchshecke.de\/wp-content\/uploads\/2019\/01\/IMG-20190118-WA0001.jpg 720w, http:\/\/asvfuchshecke.de\/wp-content\/uploads\/2019\/01\/IMG-20190118-WA0001-169x300.jpg 169w, http:\/\/asvfuchshecke.de\/wp-content\/uploads\/2019\/01\/IMG-20190118-WA0001-576x1024.jpg 576w\" sizes=\"(max-width: 144px) 100vw, 144px\" \/><\/figure><\/div>\n\n\n\n<p><strong>Sch\u00f6n das Sie hier sind<\/strong>&nbsp; \ud83d\ude42<\/p>\n\n\n\n<p>Wir freuen uns, dass Sie den Weg auf unsere Internetseite gefunden haben. Hier\u00a0 erfahren Sie mehr \u00fcber unseren Angelsportverein, das Gew\u00e4sser, unsere\u00a0Fische und\u00a0 wie sie uns erreichen k\u00f6nnen. Wir w\u00fcnsche Ihnen jetzt viel Spa\u00df auf unserer\u00a0 Homepage! Sollten Sie Fragen haben, so stehen wir Ihnen jederzeit gerne zur\u00a0 Verf\u00fcgung.<\/p>\n\n\n\n<p><strong>Aktuelles<\/strong><\/p>\n\n\n\n<div class=\"wp-block-image size-large\"><figure class=\"alignleft\"><img loading=\"lazy\" decoding=\"async\" width=\"1024\" height=\"768\" src=\"http:\/\/asvfuchshecke.de\/wp-content\/uploads\/2022\/05\/IMG-20220507-WA0006-1024x768.jpg\" alt=\"\" class=\"wp-image-254\" srcset=\"http:\/\/asvfuchshecke.de\/wp-content\/uploads\/2022\/05\/IMG-20220507-WA0006-1024x768.jpg 1024w, http:\/\/asvfuchshecke.de\/wp-content\/uploads\/2022\/05\/IMG-20220507-WA0006-300x225.jpg 300w, http:\/\/asvfuchshecke.de\/wp-content\/uploads\/2022\/05\/IMG-20220507-WA0006-768x576.jpg 768w, http:\/\/asvfuchshecke.de\/wp-content\/uploads\/2022\/05\/IMG-20220507-WA0006-1536x1152.jpg 1536w, http:\/\/asvfuchshecke.de\/wp-content\/uploads\/2022\/05\/IMG-20220507-WA0006.jpg 2048w\" sizes=\"(max-width: 706px) 89vw, (max-width: 767px) 82vw, 740px\" \/><\/figure><\/div>\n\n\n\n<p>Am 07. Mai 2022 fand diese Jahr unser Anangeln statt. Der Startschuss in die Angelsaison 2022.&nbsp;&nbsp;&nbsp;&nbsp;&nbsp;&nbsp;&nbsp;&nbsp;&nbsp;&nbsp;&nbsp;&nbsp;&nbsp;&nbsp;&nbsp;&nbsp;&nbsp;&nbsp;&nbsp;&nbsp;&nbsp;&nbsp;&nbsp;&nbsp;&nbsp;&nbsp;&nbsp;&nbsp;&nbsp;&nbsp;&nbsp;&nbsp;&nbsp;&nbsp;&nbsp;&nbsp;&nbsp;&nbsp; &#8211;&gt;<a href=\"http:\/\/asvfuchshecke.de\/?page_id=260\">Hier geht&#8217;s zum Anangeln 2022<\/a>&lt;&#8211;&nbsp;&nbsp;&nbsp;&nbsp;&nbsp;&nbsp;&nbsp;&nbsp;&nbsp;&nbsp;&nbsp;&nbsp;&nbsp;&nbsp;&nbsp;&nbsp;&nbsp;&nbsp;&nbsp;&nbsp;&nbsp;&nbsp;&nbsp;&nbsp;&nbsp;&nbsp;&nbsp;&nbsp;&nbsp;&nbsp;&nbsp;&nbsp;&nbsp;&nbsp;&nbsp;&nbsp;&nbsp;&nbsp;&nbsp;&nbsp;&nbsp;&nbsp;&nbsp;&nbsp;&nbsp;&nbsp;&nbsp;&nbsp;&nbsp;&nbsp;&nbsp;&nbsp;&nbsp;&nbsp;&nbsp;&nbsp;&nbsp;&nbsp;&nbsp;&nbsp;&nbsp;&nbsp;&nbsp;&nbsp;&nbsp;&nbsp;&nbsp;&nbsp;&nbsp;&nbsp;&nbsp;&nbsp;&nbsp;&nbsp;&nbsp;&nbsp;&nbsp;&nbsp;&nbsp;&nbsp;&nbsp;&nbsp;&nbsp;&nbsp;&nbsp;&nbsp;&nbsp;&nbsp;&nbsp;&nbsp;&nbsp;&nbsp;&nbsp;&nbsp;&nbsp;&nbsp;&nbsp;&nbsp;&nbsp;&nbsp;&nbsp;&nbsp;&nbsp;&nbsp;&nbsp;&nbsp;&nbsp;&nbsp;&nbsp;&nbsp;&nbsp;&nbsp;&nbsp;&nbsp;&nbsp;&nbsp;&nbsp;&nbsp;&nbsp;&nbsp;&nbsp;&nbsp;&nbsp;&nbsp;&nbsp;&nbsp;&nbsp;&nbsp;&nbsp;&nbsp;&nbsp;&nbsp;&nbsp;&nbsp;&nbsp;&nbsp;&nbsp;&nbsp;&nbsp;&nbsp;&nbsp;&nbsp;&nbsp;&nbsp;&nbsp;&nbsp;&nbsp;&nbsp;&nbsp;&nbsp;&nbsp;&nbsp;&nbsp;&nbsp;&nbsp;&nbsp;&nbsp;&nbsp;&nbsp;&nbsp;&nbsp;&nbsp;&nbsp;&nbsp;&nbsp;&nbsp;&nbsp;&nbsp;&nbsp;&nbsp;&nbsp;&nbsp;&nbsp;&nbsp;&nbsp;&nbsp;&nbsp;&nbsp;&nbsp;&nbsp;&nbsp;&nbsp;&nbsp;&nbsp;&nbsp;&nbsp;&nbsp;&nbsp;&nbsp;&nbsp;&nbsp;&nbsp;&nbsp;&nbsp;&nbsp;&nbsp;&nbsp;&nbsp;&nbsp;&nbsp;&nbsp;&nbsp;&nbsp;&nbsp;&nbsp;&nbsp;&nbsp;&nbsp;&nbsp;&nbsp;&nbsp;&nbsp;&nbsp;&nbsp;&nbsp;&nbsp;&nbsp;&nbsp;&nbsp;&nbsp;&nbsp;&nbsp;&nbsp;&nbsp;&nbsp;&nbsp;&nbsp;&nbsp;&nbsp;&nbsp;&nbsp;&nbsp;&nbsp;&nbsp;&nbsp;&nbsp;&nbsp;&nbsp;&nbsp;&nbsp;&nbsp;&nbsp;&nbsp;&nbsp;&nbsp;&nbsp;&nbsp;&nbsp;&nbsp;&nbsp;&nbsp;&nbsp;&nbsp;&nbsp;&nbsp;&nbsp;&nbsp;&nbsp;&nbsp;&nbsp;&nbsp;&nbsp;&nbsp;&nbsp;&nbsp;&nbsp;&nbsp;&nbsp;&nbsp;&nbsp;&nbsp; <\/p>\n\n\n\n<p><\/p>\n\n\n\n<p><\/p>\n\n\n\n<div class=\"wp-block-image\"><figure class=\"alignright is-resized\"><img loading=\"lazy\" decoding=\"async\" src=\"http:\/\/asvfuchshecke.de\/wp-content\/uploads\/2019\/02\/IMG-20190118-WA0002.jpg\" alt=\"\" class=\"wp-image-98\" width=\"192\" height=\"256\" srcset=\"http:\/\/asvfuchshecke.de\/wp-content\/uploads\/2019\/02\/IMG-20190118-WA0002.jpg 960w, http:\/\/asvfuchshecke.de\/wp-content\/uploads\/2019\/02\/IMG-20190118-WA0002-225x300.jpg 225w, http:\/\/asvfuchshecke.de\/wp-content\/uploads\/2019\/02\/IMG-20190118-WA0002-768x1024.jpg 768w\" sizes=\"(max-width: 192px) 100vw, 192px\" \/><\/figure><\/div>\n\n\n\n<p><strong>Mal bei uns Reinschnuppern <\/strong><\/p>\n\n\n\n<p><\/p>\n\n\n\n<p>Wir bieten Interessierten Anglern die M\u00f6glichkeit bei uns zu Angeln.<\/p>\n\n\n\n<p>Dieses kann zum kennen lernen des Gew\u00e4ssers genutzt werden. Wenn Interesse&nbsp; besteht k\u00f6nnen Sie gern Kontakt zu uns aufnehmen und eine Mitgliedschaft in&nbsp; unserem Verein beantragen.&nbsp; Wenn wir dein Interesse geweckt haben. <a href=\"http:\/\/asvfuchshecke.de\/?page_id=48\">Hier geht es weiter<\/a><\/p>\n","protected":false},"excerpt":{"rendered":"<p>Sch\u00f6n das Sie hier sind&nbsp; \ud83d\ude42 Wir freuen uns, dass Sie den Weg auf unsere Internetseite gefunden haben. Hier\u00a0 erfahren Sie mehr \u00fcber unseren Angelsportverein, das Gew\u00e4sser, unsere\u00a0Fische und\u00a0 wie sie uns erreichen k\u00f6nnen. Wir w\u00fcnsche Ihnen jetzt viel Spa\u00df auf unserer\u00a0 Homepage! Sollten Sie Fragen haben, so stehen wir Ihnen jederzeit gerne zur\u00a0 Verf\u00fcgung. &hellip; <\/p>\n<p class=\"link-more\"><a href=\"http:\/\/asvfuchshecke.de\/\" class=\"more-link\"><span class=\"screen-reader-text\">\u201eStartseite\u201c<\/span> weiterlesen<\/a><\/p>\n","protected":false},"author":1,"featured_media":0,"parent":0,"menu_order":0,"comment_status":"closed","ping_status":"closed","template":"","meta":{"jetpack_post_was_ever_published":false,"footnotes":""},"class_list":["post-95","page","type-page","status-publish","hentry"],"jetpack_sharing_enabled":true,"jetpack_shortlink":"https:\/\/wp.me\/PaGoX8-1x","_links":{"self":[{"href":"http:\/\/asvfuchshecke.de\/index.php?rest_route=\/wp\/v2\/pages\/95"}],"collection":[{"href":"http:\/\/asvfuchshecke.de\/index.php?rest_route=\/wp\/v2\/pages"}],"about":[{"href":"http:\/\/asvfuchshecke.de\/index.php?rest_route=\/wp\/v2\/types\/page"}],"author":[{"embeddable":true,"href":"http:\/\/asvfuchshecke.de\/index.php?rest_route=\/wp\/v2\/users\/1"}],"replies":[{"embeddable":true,"href":"http:\/\/asvfuchshecke.de\/index.php?rest_route=%2Fwp%2Fv2%2Fcomments&post=95"}],"version-history":[{"count":22,"href":"http:\/\/asvfuchshecke.de\/index.php?rest_route=\/wp\/v2\/pages\/95\/revisions"}],"predecessor-version":[{"id":288,"href":"http:\/\/asvfuchshecke.de\/index.php?rest_route=\/wp\/v2\/pages\/95\/revisions\/288"}],"wp:attachment":[{"href":"http:\/\/asvfuchshecke.de\/index.php?rest_route=%2Fwp%2Fv2%2Fmedia&parent=95"}],"curies":[{"name":"wp","href":"https:\/\/api.w.org\/{rel}","templated":true}]}}