{"id":48,"date":"2019-01-31T16:48:03","date_gmt":"2019-01-31T16:48:03","guid":{"rendered":"http:\/\/asvfuchshecke.de\/?page_id=48"},"modified":"2022-04-10T13:00:27","modified_gmt":"2022-04-10T13:00:27","slug":"gastangler","status":"publish","type":"page","link":"http:\/\/asvfuchshecke.de\/?page_id=48","title":{"rendered":"Gastangler"},"content":{"rendered":"\n<p><strong>Tagesscheine f\u00fcr Gastangler werden gegen eine Geb\u00fchr von 10,-  \u20ac und Vorlage eines g\u00fcltigen Jahresfischereischeines ausgegeben<\/strong><\/p>\n\n\n\n<p><strong>Ausgabestelle:&nbsp;&nbsp; 2. Vorsitzender Michael \nMerdan<br>&nbsp;&nbsp;&nbsp;&nbsp;&nbsp;&nbsp;&nbsp;&nbsp;&nbsp;&nbsp;&nbsp;&nbsp;&nbsp;&nbsp;&nbsp;&nbsp;&nbsp;&nbsp;&nbsp;&nbsp;&nbsp;&nbsp;&nbsp;&nbsp;&nbsp;&nbsp;&nbsp;Fuchshecke 16<br>&nbsp;&nbsp;&nbsp;&nbsp;&nbsp;&nbsp;&nbsp;&nbsp;&nbsp;&nbsp;&nbsp;&nbsp;&nbsp;&nbsp;&nbsp;&nbsp;&nbsp;&nbsp;&nbsp;&nbsp;&nbsp;&nbsp;&nbsp;&nbsp;&nbsp;&nbsp; \n37247 Gro\u00dfalmerode &#8211; Rommerode<br>&nbsp;&nbsp; &nbsp; &nbsp; &nbsp; &nbsp; &nbsp; &nbsp; &nbsp; &nbsp; &nbsp; &nbsp; &nbsp; &nbsp; Tel. 05604 &#8211; \n4134<\/strong><\/p>\n\n\n\n<p><strong>F\u00fcr Gastangler gelten folgende Bedingungen:<\/strong><\/p>\n\n\n\n<div class=\"wp-block-image\"><figure class=\"alignright is-resized\"><img loading=\"lazy\" decoding=\"async\" src=\"http:\/\/asvfuchshecke.de\/wp-content\/uploads\/2019\/01\/IMG-20190118-WA0002-768x1024.jpg\" alt=\"\" class=\"wp-image-65\" width=\"192\" height=\"256\" srcset=\"http:\/\/asvfuchshecke.de\/wp-content\/uploads\/2019\/01\/IMG-20190118-WA0002-768x1024.jpg 768w, http:\/\/asvfuchshecke.de\/wp-content\/uploads\/2019\/01\/IMG-20190118-WA0002-225x300.jpg 225w, http:\/\/asvfuchshecke.de\/wp-content\/uploads\/2019\/01\/IMG-20190118-WA0002.jpg 960w\" sizes=\"(max-width: 192px) 100vw, 192px\" \/><\/figure><\/div>\n\n\n\n<p><strong>Angelzeit ist von Sonnenaufgang bis eine Stunde nach \nSonnenuntergang. Das Angeln ist nur vom Seeufer aus, mit&nbsp;1&nbsp;Handangel gestattet. \nDie Fischwaid erfolgt ausschlie\u00dflich auf eigene Gefahr.<\/strong><\/p>\n\n\n\n<p><strong>Es d\u00fcrfen bis zu 3 Forellen, 2 Karpfen und 1 Zander oder \nHecht entnommen werden.<\/strong><\/p>\n\n\n\n<p><strong>Die Angelpl\u00e4tze sind sauber zu halten und Besch\u00e4digungen des \nUfers und der Bepflanzung sind zu vermeiden. Zuwiderhandlungen verpflichten zum \nSchadensersatz.<\/strong><\/p>\n\n\n\n<p><strong>Das Mitbringen von K\u00f6derfischen und das Einsetzen von \nFischen aus anderen Gew\u00e4ssern ist untersagt. Gefangene Fische sind waidgerecht \nzu behandeln. Unterma\u00dfige Fische sind schonend zur\u00fcckzusetzen.<\/strong><\/p>\n\n\n\n<p><strong>Der Erlaubnisscheininhaber verpflichtet sich, die \nFangmeldung ordnungsgem\u00e4\u00df ausgef\u00fcllt, unmittelbar nach dem Angeln bei dem \nAussteller dieser Erlaubnis abzugeben.<\/strong><\/p>\n\n\n\n<p><strong>Zu Kontrollzwecken ist dieser Erlaubnisschein, der Fang, \nAngelger\u00e4t und Zubeh\u00f6r Vereinsmitgliedern auf Verlangen vorzuzeigen. Die \nVerweigerung f\u00fchrt zum sofortigen Verlust dieser Erlaubnis.<\/strong><\/p>\n\n\n\n<p><strong>Die Bestimmungen des Hessischen Fischereigesetzes, der \nLandesfischereiverordnung, des Tierschutzgesetzes und die Bestimmungen des \nUmwelt- und Naturschutzes sind zu beachten<\/strong><\/p>\n","protected":false},"excerpt":{"rendered":"<p>Tagesscheine f\u00fcr Gastangler werden gegen eine Geb\u00fchr von 10,- \u20ac und Vorlage eines g\u00fcltigen Jahresfischereischeines ausgegeben Ausgabestelle:&nbsp;&nbsp; 2. Vorsitzender Michael Merdan&nbsp;&nbsp;&nbsp;&nbsp;&nbsp;&nbsp;&nbsp;&nbsp;&nbsp;&nbsp;&nbsp;&nbsp;&nbsp;&nbsp;&nbsp;&nbsp;&nbsp;&nbsp;&nbsp;&nbsp;&nbsp;&nbsp;&nbsp;&nbsp;&nbsp;&nbsp;&nbsp;Fuchshecke 16&nbsp;&nbsp;&nbsp;&nbsp;&nbsp;&nbsp;&nbsp;&nbsp;&nbsp;&nbsp;&nbsp;&nbsp;&nbsp;&nbsp;&nbsp;&nbsp;&nbsp;&nbsp;&nbsp;&nbsp;&nbsp;&nbsp;&nbsp;&nbsp;&nbsp;&nbsp; 37247 Gro\u00dfalmerode &#8211; Rommerode&nbsp;&nbsp; &nbsp; &nbsp; &nbsp; &nbsp; &nbsp; &nbsp; &nbsp; &nbsp; &nbsp; &nbsp; &nbsp; &nbsp; Tel. 05604 &#8211; 4134 F\u00fcr Gastangler gelten folgende Bedingungen: Angelzeit ist von Sonnenaufgang bis eine Stunde nach &hellip; <\/p>\n<p class=\"link-more\"><a href=\"http:\/\/asvfuchshecke.de\/?page_id=48\" class=\"more-link\"><span class=\"screen-reader-text\">\u201eGastangler\u201c<\/span> weiterlesen<\/a><\/p>\n","protected":false},"author":1,"featured_media":0,"parent":0,"menu_order":0,"comment_status":"closed","ping_status":"closed","template":"","meta":{"jetpack_post_was_ever_published":false,"footnotes":""},"class_list":["post-48","page","type-page","status-publish","hentry"],"jetpack_sharing_enabled":true,"jetpack_shortlink":"https:\/\/wp.me\/PaGoX8-M","_links":{"self":[{"href":"http:\/\/asvfuchshecke.de\/index.php?rest_route=\/wp\/v2\/pages\/48"}],"collection":[{"href":"http:\/\/asvfuchshecke.de\/index.php?rest_route=\/wp\/v2\/pages"}],"about":[{"href":"http:\/\/asvfuchshecke.de\/index.php?rest_route=\/wp\/v2\/types\/page"}],"author":[{"embeddable":true,"href":"http:\/\/asvfuchshecke.de\/index.php?rest_route=\/wp\/v2\/users\/1"}],"replies":[{"embeddable":true,"href":"http:\/\/asvfuchshecke.de\/index.php?rest_route=%2Fwp%2Fv2%2Fcomments&post=48"}],"version-history":[{"count":4,"href":"http:\/\/asvfuchshecke.de\/index.php?rest_route=\/wp\/v2\/pages\/48\/revisions"}],"predecessor-version":[{"id":253,"href":"http:\/\/asvfuchshecke.de\/index.php?rest_route=\/wp\/v2\/pages\/48\/revisions\/253"}],"wp:attachment":[{"href":"http:\/\/asvfuchshecke.de\/index.php?rest_route=%2Fwp%2Fv2%2Fmedia&parent=48"}],"curies":[{"name":"wp","href":"https:\/\/api.w.org\/{rel}","templated":true}]}}