{"id":46,"date":"2019-01-31T16:47:26","date_gmt":"2019-01-31T16:47:26","guid":{"rendered":"http:\/\/asvfuchshecke.de\/?page_id=46"},"modified":"2022-05-08T08:39:13","modified_gmt":"2022-05-08T08:39:13","slug":"veranstaltungen","status":"publish","type":"page","link":"http:\/\/asvfuchshecke.de\/?page_id=46","title":{"rendered":"Veranstaltungen"},"content":{"rendered":"\n<p><strong>F\u00fcr die Mitglieder und deren Angeh\u00f6rigen finden vom Fr\u00fchjahr bis zum \nHerbst verschiedene Veranstaltungen statt.<br>Die Saison wird mit einem Anangeln \ner\u00f6ffnet, es folgen mehrere Vereinsangeln, darunter auch ein \nNachtangeln.<br>Beendet wird die Saison nat\u00fcrlich mit dem Abangeln im \nOktober.<br>Bei diesen Angeln stehen den Anglern, aber auch den passiven \nMitgliedern und Angeh\u00f6rigen, freies Essen und Getr\u00e4nke zur Verf\u00fcgung.<\/strong><\/p>\n\n\n\n<p><strong>2019<\/strong><\/p>\n\n\n\n<p><a href=\"http:\/\/asvfuchshecke.de\/?page_id=71\">Wintergrillen am 27.01.2019<\/a><\/p>\n\n\n\n<p><a href=\"http:\/\/asvfuchshecke.de\/?page_id=192\">Arbeitseinsatz 06.04.2019<\/a><\/p>\n\n\n\n<p><a href=\"http:\/\/asvfuchshecke.de\/?page_id=228\">Nachtangeln 20.07.2019<\/a><\/p>\n\n\n\n<p><\/p>\n","protected":false},"excerpt":{"rendered":"<p>F\u00fcr die Mitglieder und deren Angeh\u00f6rigen finden vom Fr\u00fchjahr bis zum Herbst verschiedene Veranstaltungen statt.Die Saison wird mit einem Anangeln er\u00f6ffnet, es folgen mehrere Vereinsangeln, darunter auch ein Nachtangeln.Beendet wird die Saison nat\u00fcrlich mit dem Abangeln im Oktober.Bei diesen Angeln stehen den Anglern, aber auch den passiven Mitgliedern und Angeh\u00f6rigen, freies Essen und Getr\u00e4nke zur &hellip; <\/p>\n<p class=\"link-more\"><a href=\"http:\/\/asvfuchshecke.de\/?page_id=46\" class=\"more-link\"><span class=\"screen-reader-text\">\u201eVeranstaltungen\u201c<\/span> weiterlesen<\/a><\/p>\n","protected":false},"author":1,"featured_media":0,"parent":71,"menu_order":0,"comment_status":"closed","ping_status":"closed","template":"","meta":{"jetpack_post_was_ever_published":false,"footnotes":""},"class_list":["post-46","page","type-page","status-publish","hentry"],"jetpack_sharing_enabled":true,"jetpack_shortlink":"https:\/\/wp.me\/PaGoX8-K","_links":{"self":[{"href":"http:\/\/asvfuchshecke.de\/index.php?rest_route=\/wp\/v2\/pages\/46"}],"collection":[{"href":"http:\/\/asvfuchshecke.de\/index.php?rest_route=\/wp\/v2\/pages"}],"about":[{"href":"http:\/\/asvfuchshecke.de\/index.php?rest_route=\/wp\/v2\/types\/page"}],"author":[{"embeddable":true,"href":"http:\/\/asvfuchshecke.de\/index.php?rest_route=\/wp\/v2\/users\/1"}],"replies":[{"embeddable":true,"href":"http:\/\/asvfuchshecke.de\/index.php?rest_route=%2Fwp%2Fv2%2Fcomments&post=46"}],"version-history":[{"count":11,"href":"http:\/\/asvfuchshecke.de\/index.php?rest_route=\/wp\/v2\/pages\/46\/revisions"}],"predecessor-version":[{"id":276,"href":"http:\/\/asvfuchshecke.de\/index.php?rest_route=\/wp\/v2\/pages\/46\/revisions\/276"}],"up":[{"embeddable":true,"href":"http:\/\/asvfuchshecke.de\/index.php?rest_route=\/wp\/v2\/pages\/71"}],"wp:attachment":[{"href":"http:\/\/asvfuchshecke.de\/index.php?rest_route=%2Fwp%2Fv2%2Fmedia&parent=46"}],"curies":[{"name":"wp","href":"https:\/\/api.w.org\/{rel}","templated":true}]}}