{"id":26,"date":"2019-01-31T16:25:30","date_gmt":"2019-01-31T16:25:30","guid":{"rendered":"http:\/\/asvfuchshecke.de\/?page_id=26"},"modified":"2019-01-31T16:50:55","modified_gmt":"2019-01-31T16:50:55","slug":"unser-gewaesser","status":"publish","type":"page","link":"http:\/\/asvfuchshecke.de\/?page_id=26","title":{"rendered":"Unser Gew\u00e4sser"},"content":{"rendered":"\n<p><strong>Der Fuchsheckenteich <\/strong><strong>ist ein \n<\/strong><strong>Angelgew\u00e4sser in Gro\u00dfalmerode &#8211; Rommerode.<\/strong><\/p>\n\n\n\n<p><strong>Der Teich ist nach dem Abbau von Braunkohle im Rahmen der Rekultivierung \nentstanden. Er hat einen Durchmesser von ca. 80m und eine Tiefe von etwa \n8m.<\/strong><\/p>\n\n\n\n<p><strong>Der Fuchsheckenteich liegt am Fu\u00df des Hirschberges in einer H\u00f6henlage von \n460m \u00fcber NN.<\/strong><\/p>\n\n\n\n<p><strong>Durch diese H\u00f6henlage sind auch an hei\u00dfen Sommertagen die Wasser- \ntemperaturen im unteren Bereich des Teiches bei etwa 10\u00b0 Celsius.<\/strong><\/p>\n\n\n\n<p><strong>Aufgrund dieser niedrigen Temperatur f\u00fchlen sich Forellen recht wohl und \nFischsterben durch Sauerstoffmangel ist bei uns bisher kein Thema \ngewesen.<\/strong><\/p>\n\n\n\n<p><strong>Vom Verein wurde ein Fu\u00dfweg um den Teich angelegt und an verschiedenen \nStellen B\u00e4nke aufgestellt.<\/strong><\/p>\n","protected":false},"excerpt":{"rendered":"<p>Der Fuchsheckenteich ist ein Angelgew\u00e4sser in Gro\u00dfalmerode &#8211; Rommerode. Der Teich ist nach dem Abbau von Braunkohle im Rahmen der Rekultivierung entstanden. Er hat einen Durchmesser von ca. 80m und eine Tiefe von etwa 8m. Der Fuchsheckenteich liegt am Fu\u00df des Hirschberges in einer H\u00f6henlage von 460m \u00fcber NN. Durch diese H\u00f6henlage sind auch an &hellip; <\/p>\n<p class=\"link-more\"><a href=\"http:\/\/asvfuchshecke.de\/?page_id=26\" class=\"more-link\"><span class=\"screen-reader-text\">\u201eUnser Gew\u00e4sser\u201c<\/span> weiterlesen<\/a><\/p>\n","protected":false},"author":1,"featured_media":0,"parent":0,"menu_order":0,"comment_status":"closed","ping_status":"closed","template":"","meta":{"jetpack_post_was_ever_published":false,"footnotes":""},"class_list":["post-26","page","type-page","status-publish","hentry"],"jetpack_sharing_enabled":true,"jetpack_shortlink":"https:\/\/wp.me\/PaGoX8-q","_links":{"self":[{"href":"http:\/\/asvfuchshecke.de\/index.php?rest_route=\/wp\/v2\/pages\/26"}],"collection":[{"href":"http:\/\/asvfuchshecke.de\/index.php?rest_route=\/wp\/v2\/pages"}],"about":[{"href":"http:\/\/asvfuchshecke.de\/index.php?rest_route=\/wp\/v2\/types\/page"}],"author":[{"embeddable":true,"href":"http:\/\/asvfuchshecke.de\/index.php?rest_route=\/wp\/v2\/users\/1"}],"replies":[{"embeddable":true,"href":"http:\/\/asvfuchshecke.de\/index.php?rest_route=%2Fwp%2Fv2%2Fcomments&post=26"}],"version-history":[{"count":1,"href":"http:\/\/asvfuchshecke.de\/index.php?rest_route=\/wp\/v2\/pages\/26\/revisions"}],"predecessor-version":[{"id":27,"href":"http:\/\/asvfuchshecke.de\/index.php?rest_route=\/wp\/v2\/pages\/26\/revisions\/27"}],"wp:attachment":[{"href":"http:\/\/asvfuchshecke.de\/index.php?rest_route=%2Fwp%2Fv2%2Fmedia&parent=26"}],"curies":[{"name":"wp","href":"https:\/\/api.w.org\/{rel}","templated":true}]}}