{"id":228,"date":"2019-07-22T18:08:45","date_gmt":"2019-07-22T18:08:45","guid":{"rendered":"http:\/\/asvfuchshecke.de\/?page_id=228"},"modified":"2019-07-22T18:08:46","modified_gmt":"2019-07-22T18:08:46","slug":"nachtangeln","status":"publish","type":"page","link":"http:\/\/asvfuchshecke.de\/?page_id=228","title":{"rendered":"Nachtangeln"},"content":{"rendered":"\n<p>Am 20. Juli fand unser &#8222;Nachtangeln&#8220; statt. Wir trafen uns um 18 Uhr am See.  Eingeladen waren alle Mitglieder inklusiv deren Partnern, Kindern und Freunde. An diesem Abend wurde gemeinsam geangelt, gegrillt, gegessen und philosophiert.<\/p>\n\n\n\n<p>Der Vorstand hat sich sehr \u00fcber die gro\u00dfe Teilnahme gefreut. Es wurden viele Salate, selbstgemachtes Brot und Pl\u00e4tzchen mitgebracht. Dazu haben wir Bratwurst, Steak und Bauchfleich gegrillt.<\/p>\n\n\n\n<p>Leider war das Wetter nicht gerade das beste. Von den starken Regenschauern haben sich einige Angler aber nicht abbringen lassen. Wir sind schlie\u00dflich nicht aus Zucker \ud83d\ude09 . Die Grillh\u00fctte bot uns Schutz vor Regen und Wind. Mit kleiner Tisch-Deko und Kerzenschein konnten wir gem\u00fctlich beisammen sitzen und sch\u00f6ne Unterhaltungen f\u00fchren.  <\/p>\n\n\n\n<ul class=\"wp-block-gallery columns-3 is-cropped wp-block-gallery-1 is-layout-flex wp-block-gallery-is-layout-flex\"><li class=\"blocks-gallery-item\"><figure><img loading=\"lazy\" decoding=\"async\" width=\"1024\" height=\"576\" src=\"http:\/\/asvfuchshecke.de\/wp-content\/uploads\/2019\/07\/IMG-20190722-WA0006-1024x576.jpg\" alt=\"\" data-id=\"237\" data-link=\"http:\/\/asvfuchshecke.de\/?attachment_id=237\" class=\"wp-image-237\" srcset=\"http:\/\/asvfuchshecke.de\/wp-content\/uploads\/2019\/07\/IMG-20190722-WA0006-1024x576.jpg 1024w, http:\/\/asvfuchshecke.de\/wp-content\/uploads\/2019\/07\/IMG-20190722-WA0006-300x169.jpg 300w, http:\/\/asvfuchshecke.de\/wp-content\/uploads\/2019\/07\/IMG-20190722-WA0006-768x432.jpg 768w, http:\/\/asvfuchshecke.de\/wp-content\/uploads\/2019\/07\/IMG-20190722-WA0006.jpg 1328w\" sizes=\"(max-width: 706px) 89vw, (max-width: 767px) 82vw, 740px\" \/><\/figure><\/li><li class=\"blocks-gallery-item\"><figure><img loading=\"lazy\" decoding=\"async\" width=\"1024\" height=\"768\" src=\"http:\/\/asvfuchshecke.de\/wp-content\/uploads\/2019\/07\/IMG-20190722-WA0000-1024x768.jpg\" alt=\"\" data-id=\"231\" data-link=\"http:\/\/asvfuchshecke.de\/?attachment_id=231\" class=\"wp-image-231\" srcset=\"http:\/\/asvfuchshecke.de\/wp-content\/uploads\/2019\/07\/IMG-20190722-WA0000-1024x768.jpg 1024w, http:\/\/asvfuchshecke.de\/wp-content\/uploads\/2019\/07\/IMG-20190722-WA0000-300x225.jpg 300w, http:\/\/asvfuchshecke.de\/wp-content\/uploads\/2019\/07\/IMG-20190722-WA0000-768x576.jpg 768w, http:\/\/asvfuchshecke.de\/wp-content\/uploads\/2019\/07\/IMG-20190722-WA0000.jpg 1600w\" sizes=\"(max-width: 706px) 89vw, (max-width: 767px) 82vw, 740px\" \/><\/figure><\/li><li class=\"blocks-gallery-item\"><figure><img loading=\"lazy\" decoding=\"async\" width=\"1024\" height=\"576\" src=\"http:\/\/asvfuchshecke.de\/wp-content\/uploads\/2019\/07\/IMG-20190722-WA0005-1024x576.jpg\" alt=\"\" data-id=\"236\" data-link=\"http:\/\/asvfuchshecke.de\/?attachment_id=236\" class=\"wp-image-236\" srcset=\"http:\/\/asvfuchshecke.de\/wp-content\/uploads\/2019\/07\/IMG-20190722-WA0005-1024x576.jpg 1024w, http:\/\/asvfuchshecke.de\/wp-content\/uploads\/2019\/07\/IMG-20190722-WA0005-300x169.jpg 300w, http:\/\/asvfuchshecke.de\/wp-content\/uploads\/2019\/07\/IMG-20190722-WA0005-768x432.jpg 768w, http:\/\/asvfuchshecke.de\/wp-content\/uploads\/2019\/07\/IMG-20190722-WA0005.jpg 1328w\" sizes=\"(max-width: 706px) 89vw, (max-width: 767px) 82vw, 740px\" \/><\/figure><\/li><li class=\"blocks-gallery-item\"><figure><img loading=\"lazy\" decoding=\"async\" width=\"1024\" height=\"576\" src=\"http:\/\/asvfuchshecke.de\/wp-content\/uploads\/2019\/07\/IMG-20190722-WA0001-1024x576.jpg\" alt=\"\" data-id=\"232\" data-link=\"http:\/\/asvfuchshecke.de\/?attachment_id=232\" class=\"wp-image-232\" srcset=\"http:\/\/asvfuchshecke.de\/wp-content\/uploads\/2019\/07\/IMG-20190722-WA0001-1024x576.jpg 1024w, http:\/\/asvfuchshecke.de\/wp-content\/uploads\/2019\/07\/IMG-20190722-WA0001-300x169.jpg 300w, http:\/\/asvfuchshecke.de\/wp-content\/uploads\/2019\/07\/IMG-20190722-WA0001-768x432.jpg 768w, http:\/\/asvfuchshecke.de\/wp-content\/uploads\/2019\/07\/IMG-20190722-WA0001.jpg 1328w\" sizes=\"(max-width: 706px) 89vw, (max-width: 767px) 82vw, 740px\" \/><\/figure><\/li><li class=\"blocks-gallery-item\"><figure><img loading=\"lazy\" decoding=\"async\" width=\"768\" height=\"1024\" src=\"http:\/\/asvfuchshecke.de\/wp-content\/uploads\/2019\/07\/IMG-20190722-WA0007-768x1024.jpg\" alt=\"\" data-id=\"238\" data-link=\"http:\/\/asvfuchshecke.de\/?attachment_id=238\" class=\"wp-image-238\" srcset=\"http:\/\/asvfuchshecke.de\/wp-content\/uploads\/2019\/07\/IMG-20190722-WA0007-768x1024.jpg 768w, http:\/\/asvfuchshecke.de\/wp-content\/uploads\/2019\/07\/IMG-20190722-WA0007-225x300.jpg 225w, http:\/\/asvfuchshecke.de\/wp-content\/uploads\/2019\/07\/IMG-20190722-WA0007.jpg 1200w\" sizes=\"(max-width: 706px) 89vw, (max-width: 767px) 82vw, 740px\" \/><\/figure><\/li><li class=\"blocks-gallery-item\"><figure><img loading=\"lazy\" decoding=\"async\" width=\"1024\" height=\"768\" src=\"http:\/\/asvfuchshecke.de\/wp-content\/uploads\/2019\/07\/IMG-20190722-WA0008-1024x768.jpg\" alt=\"\" data-id=\"239\" data-link=\"http:\/\/asvfuchshecke.de\/?attachment_id=239\" class=\"wp-image-239\" srcset=\"http:\/\/asvfuchshecke.de\/wp-content\/uploads\/2019\/07\/IMG-20190722-WA0008-1024x768.jpg 1024w, http:\/\/asvfuchshecke.de\/wp-content\/uploads\/2019\/07\/IMG-20190722-WA0008-300x225.jpg 300w, http:\/\/asvfuchshecke.de\/wp-content\/uploads\/2019\/07\/IMG-20190722-WA0008-768x576.jpg 768w, http:\/\/asvfuchshecke.de\/wp-content\/uploads\/2019\/07\/IMG-20190722-WA0008.jpg 1600w\" sizes=\"(max-width: 706px) 89vw, (max-width: 767px) 82vw, 740px\" \/><\/figure><\/li><li class=\"blocks-gallery-item\"><figure><img loading=\"lazy\" decoding=\"async\" width=\"1024\" height=\"768\" src=\"http:\/\/asvfuchshecke.de\/wp-content\/uploads\/2019\/07\/IMG-20190722-WA0009-1024x768.jpg\" alt=\"\" data-id=\"240\" data-link=\"http:\/\/asvfuchshecke.de\/?attachment_id=240\" class=\"wp-image-240\" srcset=\"http:\/\/asvfuchshecke.de\/wp-content\/uploads\/2019\/07\/IMG-20190722-WA0009-1024x768.jpg 1024w, http:\/\/asvfuchshecke.de\/wp-content\/uploads\/2019\/07\/IMG-20190722-WA0009-300x225.jpg 300w, http:\/\/asvfuchshecke.de\/wp-content\/uploads\/2019\/07\/IMG-20190722-WA0009-768x576.jpg 768w, http:\/\/asvfuchshecke.de\/wp-content\/uploads\/2019\/07\/IMG-20190722-WA0009.jpg 1600w\" sizes=\"(max-width: 706px) 89vw, (max-width: 767px) 82vw, 740px\" \/><\/figure><\/li><li class=\"blocks-gallery-item\"><figure><img loading=\"lazy\" decoding=\"async\" width=\"1024\" height=\"768\" src=\"http:\/\/asvfuchshecke.de\/wp-content\/uploads\/2019\/07\/IMG-20190722-WA0010-1024x768.jpg\" alt=\"\" data-id=\"241\" data-link=\"http:\/\/asvfuchshecke.de\/?attachment_id=241\" class=\"wp-image-241\" srcset=\"http:\/\/asvfuchshecke.de\/wp-content\/uploads\/2019\/07\/IMG-20190722-WA0010-1024x768.jpg 1024w, http:\/\/asvfuchshecke.de\/wp-content\/uploads\/2019\/07\/IMG-20190722-WA0010-300x225.jpg 300w, http:\/\/asvfuchshecke.de\/wp-content\/uploads\/2019\/07\/IMG-20190722-WA0010-768x576.jpg 768w, http:\/\/asvfuchshecke.de\/wp-content\/uploads\/2019\/07\/IMG-20190722-WA0010.jpg 1600w\" sizes=\"(max-width: 706px) 89vw, (max-width: 767px) 82vw, 740px\" \/><\/figure><\/li><li class=\"blocks-gallery-item\"><figure><img loading=\"lazy\" decoding=\"async\" width=\"1024\" height=\"768\" src=\"http:\/\/asvfuchshecke.de\/wp-content\/uploads\/2019\/07\/IMG-20190722-WA0011-1024x768.jpg\" alt=\"\" data-id=\"242\" data-link=\"http:\/\/asvfuchshecke.de\/?attachment_id=242\" class=\"wp-image-242\" srcset=\"http:\/\/asvfuchshecke.de\/wp-content\/uploads\/2019\/07\/IMG-20190722-WA0011-1024x768.jpg 1024w, http:\/\/asvfuchshecke.de\/wp-content\/uploads\/2019\/07\/IMG-20190722-WA0011-300x225.jpg 300w, http:\/\/asvfuchshecke.de\/wp-content\/uploads\/2019\/07\/IMG-20190722-WA0011-768x576.jpg 768w, http:\/\/asvfuchshecke.de\/wp-content\/uploads\/2019\/07\/IMG-20190722-WA0011.jpg 1600w\" sizes=\"(max-width: 706px) 89vw, (max-width: 767px) 82vw, 740px\" \/><\/figure><\/li><\/ul>\n","protected":false},"excerpt":{"rendered":"<p>Am 20. Juli fand unser &#8222;Nachtangeln&#8220; statt. Wir trafen uns um 18 Uhr am See. Eingeladen waren alle Mitglieder inklusiv deren Partnern, Kindern und Freunde. An diesem Abend wurde gemeinsam geangelt, gegrillt, gegessen und philosophiert. Der Vorstand hat sich sehr \u00fcber die gro\u00dfe Teilnahme gefreut. Es wurden viele Salate, selbstgemachtes Brot und Pl\u00e4tzchen mitgebracht. Dazu &hellip; <\/p>\n<p class=\"link-more\"><a href=\"http:\/\/asvfuchshecke.de\/?page_id=228\" class=\"more-link\"><span class=\"screen-reader-text\">\u201eNachtangeln\u201c<\/span> weiterlesen<\/a><\/p>\n","protected":false},"author":1,"featured_media":0,"parent":0,"menu_order":0,"comment_status":"closed","ping_status":"closed","template":"","meta":{"jetpack_post_was_ever_published":false,"footnotes":""},"class_list":["post-228","page","type-page","status-publish","hentry"],"jetpack_sharing_enabled":true,"jetpack_shortlink":"https:\/\/wp.me\/PaGoX8-3G","_links":{"self":[{"href":"http:\/\/asvfuchshecke.de\/index.php?rest_route=\/wp\/v2\/pages\/228"}],"collection":[{"href":"http:\/\/asvfuchshecke.de\/index.php?rest_route=\/wp\/v2\/pages"}],"about":[{"href":"http:\/\/asvfuchshecke.de\/index.php?rest_route=\/wp\/v2\/types\/page"}],"author":[{"embeddable":true,"href":"http:\/\/asvfuchshecke.de\/index.php?rest_route=\/wp\/v2\/users\/1"}],"replies":[{"embeddable":true,"href":"http:\/\/asvfuchshecke.de\/index.php?rest_route=%2Fwp%2Fv2%2Fcomments&post=228"}],"version-history":[{"count":3,"href":"http:\/\/asvfuchshecke.de\/index.php?rest_route=\/wp\/v2\/pages\/228\/revisions"}],"predecessor-version":[{"id":243,"href":"http:\/\/asvfuchshecke.de\/index.php?rest_route=\/wp\/v2\/pages\/228\/revisions\/243"}],"wp:attachment":[{"href":"http:\/\/asvfuchshecke.de\/index.php?rest_route=%2Fwp%2Fv2%2Fmedia&parent=228"}],"curies":[{"name":"wp","href":"https:\/\/api.w.org\/{rel}","templated":true}]}}