{"id":22,"date":"2019-01-31T06:03:13","date_gmt":"2019-01-31T06:03:13","guid":{"rendered":"http:\/\/asvfuchshecke.de\/?page_id=22"},"modified":"2019-02-01T17:17:20","modified_gmt":"2019-02-01T17:17:20","slug":"der-verein","status":"publish","type":"page","link":"http:\/\/asvfuchshecke.de\/?page_id=22","title":{"rendered":"Unser Verein"},"content":{"rendered":"\n<p><em><strong>Der Angelsportverein Fuchshecke e.V.<\/strong><\/em><\/p>\n\n\n\n<p>I<strong>n den 70er und 80er Jahren sorgte der Braunkohletagebau f\u00fcr \nerhebliche Ver\u00e4nderungen in der Landschaft um den 643m hohen Hirschberg. So sehr \nsich viele Einwohner der umliegenden Orte dadurch gest\u00f6rt f\u00fchlten, war es doch \neine Zeit, in der bei der Zeche Hirschberg viele ihren Arbeitsplatz hatten. Der \nAbbau der Braunkohle endete im Dezember 2003.<\/strong><\/p>\n\n\n\n<p><strong>Durch die Rekultivierung der Landschaft entstand am Fu\u00df des \nHirschberges ein Teich. Er liegt in der Gemarkungsbezeichnung \u201eFuchshecke\u201c und \ndie Bewohner der naheliegenden Stra\u00dfe \u201eFuchshecke\u201c fassten den Beschluss, die \nAngelrechte an diesem Teich zu erwerben.<\/strong><\/p>\n\n\n\n<p><strong>Am Donnerstag, dem 14. Oktober 1993, traf sich im Haus \nFuchshecke 16 ein Personenkreis zur Gr\u00fcndungsversammlung. Es wurde der Beschluss \nzur Gr\u00fcndung des \u201eAngelsportverein Fuchshecke\u201c gefasst.<\/strong><\/p>\n\n\n\n<p><strong>Der Verein wurde zur Eintragung beim Vereinsregister angemeldet \nund die Gemeinn\u00fctzigkeit beantrag.<\/strong><\/p>\n\n\n\n<p><strong>Das Finanzamt Witzenhausen bescheinigte die Anerkennung der \nGemeinn\u00fctzigkeit mit einem Schreiben vom 28.10.1993.<\/strong><\/p>\n\n\n\n<p><strong>Die Eintragung beim Amtsgericht Witzenhausen erfolgte am \n10.01.1994.<\/strong><\/p>\n\n\n\n<p><strong>Der Vorstand schloss mit dem Grundst\u00fcckseigent\u00fcmer bereits im \nDezember 1993 einen Pachtvertrag ab, der am 17.12.1993 durch das \nRegierungspr\u00e4sidium Kassel genehmigt wurde.<\/strong><\/p>\n\n\n\n<p><strong>Dem ersten Vorstand geh\u00f6rten an:<\/strong><\/p>\n\n\n\n<p><strong>Rudolf Merdan, Vorsitzender<br>Ralf Bittner, stellv. \nVorsitzender<br>Michael Merdan, Kassenwart<br>Dirk Schulte, \nSchriftf\u00fchrer<\/strong><\/p>\n\n\n\n<p><strong>Es gab zun\u00e4chst viel Arbeit. Ein Fu\u00dfweg wurde rund um den Teich \nangelegt, eine Br\u00fccke \u00fcber den kleinen Wasserzulauf vom Hirschberg gebaut, \nRuheb\u00e4nke wurden aufgestellt und mehrere Angelpl\u00e4tze angelegt.<br>Der Wegebau \nwar sehr m\u00fchsam. Es sollte ja nur ein schmaler Fu\u00dfweg sein, auf dem man den \nTeich umrunden kann. So mussten mehrere Lkw-Ladungen Kalkschotter mit \nSchubkarren um den Teich gefahren werden. Dabei haben neben den Mitgliedern auch \nweitere Anwohner gro\u00dfes Engagement gezeigt.<\/strong><\/p>\n\n\n\n<p><strong>Im Laufe der Jahre hat es eine Reihe von Problemen gegeben. \nNach einem extremen Regenguss kam eine Schlammlawine vom Hirschberg. Das Ende \nerreicht gerade noch den Teich. Der Wasserzulauf brachte immer wieder \nSchmutzwasser durch den Zechenbetrieb und durch Vandalismus lagen einige der im \nBoden eingelassenen Ruheb\u00e4nke im Teich.<\/strong><\/p>\n\n\n\n<p><strong>\u00dcber die vereinsinterne Arbeit hinaus, hat sich der \nAngelsportverein auch an der Arbeit im Kulturausschuss Rommerode beteiligt. Die \nTeilnahme an Festz\u00fcgen in Rommerode und Gro\u00dfalmerode und an Fu\u00dfball- und \nDartturnieren brachten dem Verein in der Bev\u00f6lkerung Anerkennung und \nBeachtung.<\/strong><\/p>\n\n\n\n<p><strong>Am 13.6.1998 richtete der Angelsportverein das erste Sommerfest \naus, das seitdem j\u00e4hrlich stattfindet. Neben Spielen und Geschenken f\u00fcr Kinder \ngibt es ein Fragespiel f\u00fcr die Erwachsenen mit Preisen bis zu 25,- \u20ac. Nat\u00fcrlich \nwerden Getr\u00e4nke, Kuchen und Bratwurst angeboten, aber auch Forellen ger\u00e4uchert, \ndie frisch aus dem Rauch verkauft werden. Der Erl\u00f6s der Sommerfeste hat immer \neinen wichtigen Beitrag zur Finanzierung des Vereinslebens geleistet.<\/strong><\/p>\n\n\n\n<p><strong>Auf dem Weihnachtsmarkt in Rommerode bietet der \nAngelsportverein auch regelm\u00e4\u00dfig seine frisch ger\u00e4ucherten Forellen und \nverschiedene Fischbr\u00f6tchen an.<\/strong><\/p>\n\n\n\n<p><strong>Der Angelsportverein Fuchshecke e.V. kann mittlerweile auf \nviele Jahre erfolgreicher Arbeit zur\u00fcckblicken. Hat er doch wesentlich dazu \nbeigetragen, dass um den Fuchsheckenteich herum ein idyllischer Rundweg mit \nRuheb\u00e4nken den Ruhe- und Erholungssuchenden zur Verf\u00fcgung steht und der \n\u201eGrillh\u00fctte zur Fuchshecke\u201c eine sch\u00f6ne Erg\u00e4nzung bietet. Im Verein finden etwa \n30 Mitglieder die M\u00f6glichkeit, dem Angelsport nachzugehen und weiter leisten \nF\u00f6rdermitglieder ihren Beitrag am Vereinsleben.<\/strong><\/p>\n\n\n\n<p><strong>Es bleibt zu hoffen, dass der Angelsportverein auch weiterhin \nsein aktives Vereinsleben fortsetzt und seinen Beitrag zu einer aktiven \nd\u00f6rflichen Gemeinschaft leistet.<\/strong><\/p>\n\n\n\n<p><strong>Zur Zeit geh\u00f6ren dem Vorstand an:<\/strong><\/p>\n\n\n\n<p><strong>Ralf Bittner, Vorsitzender<br>Michael Merdan, stellv. \nVorsitzender<br>Maximilian Kolb, Kassenwart<br>Dennis Kilian, \nSchriftf\u00fchrer<\/strong><\/p>\n","protected":false},"excerpt":{"rendered":"<p>Der Angelsportverein Fuchshecke e.V. In den 70er und 80er Jahren sorgte der Braunkohletagebau f\u00fcr erhebliche Ver\u00e4nderungen in der Landschaft um den 643m hohen Hirschberg. So sehr sich viele Einwohner der umliegenden Orte dadurch gest\u00f6rt f\u00fchlten, war es doch eine Zeit, in der bei der Zeche Hirschberg viele ihren Arbeitsplatz hatten. Der Abbau der Braunkohle endete &hellip; <\/p>\n<p class=\"link-more\"><a href=\"http:\/\/asvfuchshecke.de\/?page_id=22\" class=\"more-link\"><span class=\"screen-reader-text\">\u201eUnser Verein\u201c<\/span> weiterlesen<\/a><\/p>\n","protected":false},"author":1,"featured_media":0,"parent":0,"menu_order":0,"comment_status":"closed","ping_status":"closed","template":"","meta":{"jetpack_post_was_ever_published":false,"footnotes":""},"class_list":["post-22","page","type-page","status-publish","hentry"],"jetpack_sharing_enabled":true,"jetpack_shortlink":"https:\/\/wp.me\/PaGoX8-m","_links":{"self":[{"href":"http:\/\/asvfuchshecke.de\/index.php?rest_route=\/wp\/v2\/pages\/22"}],"collection":[{"href":"http:\/\/asvfuchshecke.de\/index.php?rest_route=\/wp\/v2\/pages"}],"about":[{"href":"http:\/\/asvfuchshecke.de\/index.php?rest_route=\/wp\/v2\/types\/page"}],"author":[{"embeddable":true,"href":"http:\/\/asvfuchshecke.de\/index.php?rest_route=\/wp\/v2\/users\/1"}],"replies":[{"embeddable":true,"href":"http:\/\/asvfuchshecke.de\/index.php?rest_route=%2Fwp%2Fv2%2Fcomments&post=22"}],"version-history":[{"count":2,"href":"http:\/\/asvfuchshecke.de\/index.php?rest_route=\/wp\/v2\/pages\/22\/revisions"}],"predecessor-version":[{"id":45,"href":"http:\/\/asvfuchshecke.de\/index.php?rest_route=\/wp\/v2\/pages\/22\/revisions\/45"}],"wp:attachment":[{"href":"http:\/\/asvfuchshecke.de\/index.php?rest_route=%2Fwp%2Fv2%2Fmedia&parent=22"}],"curies":[{"name":"wp","href":"https:\/\/api.w.org\/{rel}","templated":true}]}}