{"id":192,"date":"2019-04-17T18:59:54","date_gmt":"2019-04-17T18:59:54","guid":{"rendered":"http:\/\/asvfuchshecke.de\/?page_id=192"},"modified":"2022-05-08T08:41:17","modified_gmt":"2022-05-08T08:41:17","slug":"arbeitseinsatz","status":"publish","type":"page","link":"http:\/\/asvfuchshecke.de\/?page_id=192","title":{"rendered":"Arbeitseinsatz"},"content":{"rendered":"\n<p>Am 06. April fand unser erster Arbeitseinsatz f\u00fcr dies Jahr statt. Die Arbeiten liefen unter dem Motto &#8222;Frisch in die neue Saison&#8220;.<\/p>\n\n\n\n<p>Es wurde der Weg rund um den See von Laub, Holz und Gestr\u00fcpp befreit. Die Angelpl\u00e4tze wurden wieder frisch hergerichtet. Die Grillh\u00fctte wurde einem Fr\u00fchjahrsputz unterzogen und die Sitzgelegenheiten wieder vor die H\u00fctte gestellt. In diesem Zug bekamen die B\u00e4nke vor der H\u00fctte und rund um den See einen neuen Anstrich.  Bekanntlich macht Not erfinderisch, so wurde kurzerhand ein kleines Stromaggregat auf die Schubkarre gepackt und die B\u00e4nke mit einem Schleifer vor dem Anstrich abgeschliffen. Bei einem gemeinsamen Essen haben wir unser Treffen ausklingen lassen.<\/p>\n\n\n\n<figure class=\"wp-block-gallery has-nested-images columns-default is-cropped wp-block-gallery-1 is-layout-flex wp-block-gallery-is-layout-flex\">\n<figure class=\"wp-block-image\"><img loading=\"lazy\" decoding=\"async\" width=\"1600\" height=\"1200\" data-id=\"194\" src=\"http:\/\/asvfuchshecke.de\/wp-content\/uploads\/2019\/04\/IMG-20190417-WA0005.jpg\" alt=\"\" class=\"wp-image-194\" srcset=\"http:\/\/asvfuchshecke.de\/wp-content\/uploads\/2019\/04\/IMG-20190417-WA0005.jpg 1600w, http:\/\/asvfuchshecke.de\/wp-content\/uploads\/2019\/04\/IMG-20190417-WA0005-300x225.jpg 300w, http:\/\/asvfuchshecke.de\/wp-content\/uploads\/2019\/04\/IMG-20190417-WA0005-768x576.jpg 768w, http:\/\/asvfuchshecke.de\/wp-content\/uploads\/2019\/04\/IMG-20190417-WA0005-1024x768.jpg 1024w\" sizes=\"(max-width: 706px) 89vw, (max-width: 767px) 82vw, 740px\" \/><\/figure>\n\n\n\n<figure class=\"wp-block-image\"><img loading=\"lazy\" decoding=\"async\" width=\"1600\" height=\"1200\" data-id=\"198\" src=\"http:\/\/asvfuchshecke.de\/wp-content\/uploads\/2019\/04\/IMG-20190417-WA0003.jpg\" alt=\"\" class=\"wp-image-198\" srcset=\"http:\/\/asvfuchshecke.de\/wp-content\/uploads\/2019\/04\/IMG-20190417-WA0003.jpg 1600w, http:\/\/asvfuchshecke.de\/wp-content\/uploads\/2019\/04\/IMG-20190417-WA0003-300x225.jpg 300w, http:\/\/asvfuchshecke.de\/wp-content\/uploads\/2019\/04\/IMG-20190417-WA0003-768x576.jpg 768w, http:\/\/asvfuchshecke.de\/wp-content\/uploads\/2019\/04\/IMG-20190417-WA0003-1024x768.jpg 1024w\" sizes=\"(max-width: 706px) 89vw, (max-width: 767px) 82vw, 740px\" \/><\/figure>\n\n\n\n<figure class=\"wp-block-image\"><img loading=\"lazy\" decoding=\"async\" width=\"1600\" height=\"1200\" data-id=\"200\" src=\"http:\/\/asvfuchshecke.de\/wp-content\/uploads\/2019\/04\/IMG-20190417-WA0006.jpg\" alt=\"\" class=\"wp-image-200\" srcset=\"http:\/\/asvfuchshecke.de\/wp-content\/uploads\/2019\/04\/IMG-20190417-WA0006.jpg 1600w, http:\/\/asvfuchshecke.de\/wp-content\/uploads\/2019\/04\/IMG-20190417-WA0006-300x225.jpg 300w, http:\/\/asvfuchshecke.de\/wp-content\/uploads\/2019\/04\/IMG-20190417-WA0006-768x576.jpg 768w, http:\/\/asvfuchshecke.de\/wp-content\/uploads\/2019\/04\/IMG-20190417-WA0006-1024x768.jpg 1024w\" sizes=\"(max-width: 706px) 89vw, (max-width: 767px) 82vw, 740px\" \/><\/figure>\n\n\n\n<figure class=\"wp-block-image\"><img loading=\"lazy\" decoding=\"async\" width=\"1200\" height=\"1600\" data-id=\"203\" src=\"http:\/\/asvfuchshecke.de\/wp-content\/uploads\/2019\/04\/IMG-20190417-WA0009.jpg\" alt=\"\" class=\"wp-image-203\" srcset=\"http:\/\/asvfuchshecke.de\/wp-content\/uploads\/2019\/04\/IMG-20190417-WA0009.jpg 1200w, http:\/\/asvfuchshecke.de\/wp-content\/uploads\/2019\/04\/IMG-20190417-WA0009-225x300.jpg 225w, http:\/\/asvfuchshecke.de\/wp-content\/uploads\/2019\/04\/IMG-20190417-WA0009-768x1024.jpg 768w\" sizes=\"(max-width: 706px) 89vw, (max-width: 767px) 82vw, 740px\" \/><\/figure>\n\n\n\n<figure class=\"wp-block-image\"><img loading=\"lazy\" decoding=\"async\" width=\"1600\" height=\"1200\" data-id=\"205\" src=\"http:\/\/asvfuchshecke.de\/wp-content\/uploads\/2019\/04\/IMG-20190417-WA0011.jpg\" alt=\"\" class=\"wp-image-205\" srcset=\"http:\/\/asvfuchshecke.de\/wp-content\/uploads\/2019\/04\/IMG-20190417-WA0011.jpg 1600w, http:\/\/asvfuchshecke.de\/wp-content\/uploads\/2019\/04\/IMG-20190417-WA0011-300x225.jpg 300w, http:\/\/asvfuchshecke.de\/wp-content\/uploads\/2019\/04\/IMG-20190417-WA0011-768x576.jpg 768w, http:\/\/asvfuchshecke.de\/wp-content\/uploads\/2019\/04\/IMG-20190417-WA0011-1024x768.jpg 1024w\" sizes=\"(max-width: 706px) 89vw, (max-width: 767px) 82vw, 740px\" \/><\/figure>\n\n\n\n<figure class=\"wp-block-image\"><img loading=\"lazy\" decoding=\"async\" width=\"1600\" height=\"1200\" data-id=\"204\" src=\"http:\/\/asvfuchshecke.de\/wp-content\/uploads\/2019\/04\/IMG-20190417-WA0010.jpg\" alt=\"\" class=\"wp-image-204\" srcset=\"http:\/\/asvfuchshecke.de\/wp-content\/uploads\/2019\/04\/IMG-20190417-WA0010.jpg 1600w, http:\/\/asvfuchshecke.de\/wp-content\/uploads\/2019\/04\/IMG-20190417-WA0010-300x225.jpg 300w, http:\/\/asvfuchshecke.de\/wp-content\/uploads\/2019\/04\/IMG-20190417-WA0010-768x576.jpg 768w, http:\/\/asvfuchshecke.de\/wp-content\/uploads\/2019\/04\/IMG-20190417-WA0010-1024x768.jpg 1024w\" sizes=\"(max-width: 706px) 89vw, (max-width: 767px) 82vw, 740px\" \/><\/figure>\n\n\n\n<figure class=\"wp-block-image\"><img loading=\"lazy\" decoding=\"async\" width=\"1600\" height=\"1200\" data-id=\"199\" src=\"http:\/\/asvfuchshecke.de\/wp-content\/uploads\/2019\/04\/IMG-20190417-WA0004.jpg\" alt=\"\" class=\"wp-image-199\" srcset=\"http:\/\/asvfuchshecke.de\/wp-content\/uploads\/2019\/04\/IMG-20190417-WA0004.jpg 1600w, http:\/\/asvfuchshecke.de\/wp-content\/uploads\/2019\/04\/IMG-20190417-WA0004-300x225.jpg 300w, http:\/\/asvfuchshecke.de\/wp-content\/uploads\/2019\/04\/IMG-20190417-WA0004-768x576.jpg 768w, http:\/\/asvfuchshecke.de\/wp-content\/uploads\/2019\/04\/IMG-20190417-WA0004-1024x768.jpg 1024w\" sizes=\"(max-width: 706px) 89vw, (max-width: 767px) 82vw, 740px\" \/><\/figure>\n\n\n\n<figure class=\"wp-block-image\"><img loading=\"lazy\" decoding=\"async\" width=\"1600\" height=\"1200\" data-id=\"195\" src=\"http:\/\/asvfuchshecke.de\/wp-content\/uploads\/2019\/04\/IMG-20190417-WA0000.jpg\" alt=\"\" class=\"wp-image-195\" srcset=\"http:\/\/asvfuchshecke.de\/wp-content\/uploads\/2019\/04\/IMG-20190417-WA0000.jpg 1600w, http:\/\/asvfuchshecke.de\/wp-content\/uploads\/2019\/04\/IMG-20190417-WA0000-300x225.jpg 300w, http:\/\/asvfuchshecke.de\/wp-content\/uploads\/2019\/04\/IMG-20190417-WA0000-768x576.jpg 768w, http:\/\/asvfuchshecke.de\/wp-content\/uploads\/2019\/04\/IMG-20190417-WA0000-1024x768.jpg 1024w\" sizes=\"(max-width: 706px) 89vw, (max-width: 767px) 82vw, 740px\" \/><\/figure>\n\n\n\n<figure class=\"wp-block-image\"><img loading=\"lazy\" decoding=\"async\" width=\"1200\" height=\"1600\" data-id=\"202\" src=\"http:\/\/asvfuchshecke.de\/wp-content\/uploads\/2019\/04\/IMG-20190417-WA0008.jpg\" alt=\"\" class=\"wp-image-202\" srcset=\"http:\/\/asvfuchshecke.de\/wp-content\/uploads\/2019\/04\/IMG-20190417-WA0008.jpg 1200w, http:\/\/asvfuchshecke.de\/wp-content\/uploads\/2019\/04\/IMG-20190417-WA0008-225x300.jpg 225w, http:\/\/asvfuchshecke.de\/wp-content\/uploads\/2019\/04\/IMG-20190417-WA0008-768x1024.jpg 768w\" sizes=\"(max-width: 706px) 89vw, (max-width: 767px) 82vw, 740px\" \/><\/figure>\n\n\n\n<figure class=\"wp-block-image\"><img loading=\"lazy\" decoding=\"async\" width=\"1600\" height=\"1200\" data-id=\"197\" src=\"http:\/\/asvfuchshecke.de\/wp-content\/uploads\/2019\/04\/IMG-20190417-WA0002.jpg\" alt=\"\" class=\"wp-image-197\" srcset=\"http:\/\/asvfuchshecke.de\/wp-content\/uploads\/2019\/04\/IMG-20190417-WA0002.jpg 1600w, http:\/\/asvfuchshecke.de\/wp-content\/uploads\/2019\/04\/IMG-20190417-WA0002-300x225.jpg 300w, http:\/\/asvfuchshecke.de\/wp-content\/uploads\/2019\/04\/IMG-20190417-WA0002-768x576.jpg 768w, http:\/\/asvfuchshecke.de\/wp-content\/uploads\/2019\/04\/IMG-20190417-WA0002-1024x768.jpg 1024w\" sizes=\"(max-width: 706px) 89vw, (max-width: 767px) 82vw, 740px\" \/><\/figure>\n\n\n\n<figure class=\"wp-block-image\"><img loading=\"lazy\" decoding=\"async\" width=\"1024\" height=\"768\" data-id=\"196\" src=\"http:\/\/asvfuchshecke.de\/wp-content\/uploads\/2019\/04\/IMG-20190417-WA0001-1024x768.jpg\" alt=\"\" class=\"wp-image-196\" srcset=\"http:\/\/asvfuchshecke.de\/wp-content\/uploads\/2019\/04\/IMG-20190417-WA0001-1024x768.jpg 1024w, http:\/\/asvfuchshecke.de\/wp-content\/uploads\/2019\/04\/IMG-20190417-WA0001-300x225.jpg 300w, http:\/\/asvfuchshecke.de\/wp-content\/uploads\/2019\/04\/IMG-20190417-WA0001-768x576.jpg 768w, http:\/\/asvfuchshecke.de\/wp-content\/uploads\/2019\/04\/IMG-20190417-WA0001.jpg 1600w\" sizes=\"(max-width: 706px) 89vw, (max-width: 767px) 82vw, 740px\" \/><\/figure>\n<\/figure>\n","protected":false},"excerpt":{"rendered":"<p>Am 06. April fand unser erster Arbeitseinsatz f\u00fcr dies Jahr statt. Die Arbeiten liefen unter dem Motto &#8222;Frisch in die neue Saison&#8220;. Es wurde der Weg rund um den See von Laub, Holz und Gestr\u00fcpp befreit. Die Angelpl\u00e4tze wurden wieder frisch hergerichtet. Die Grillh\u00fctte wurde einem Fr\u00fchjahrsputz unterzogen und die Sitzgelegenheiten wieder vor die H\u00fctte &hellip; <\/p>\n<p class=\"link-more\"><a href=\"http:\/\/asvfuchshecke.de\/?page_id=192\" class=\"more-link\"><span class=\"screen-reader-text\">\u201eArbeitseinsatz\u201c<\/span> weiterlesen<\/a><\/p>\n","protected":false},"author":1,"featured_media":0,"parent":0,"menu_order":0,"comment_status":"closed","ping_status":"closed","template":"","meta":{"jetpack_post_was_ever_published":false,"footnotes":""},"class_list":["post-192","page","type-page","status-publish","hentry"],"jetpack_sharing_enabled":true,"jetpack_shortlink":"https:\/\/wp.me\/PaGoX8-36","_links":{"self":[{"href":"http:\/\/asvfuchshecke.de\/index.php?rest_route=\/wp\/v2\/pages\/192"}],"collection":[{"href":"http:\/\/asvfuchshecke.de\/index.php?rest_route=\/wp\/v2\/pages"}],"about":[{"href":"http:\/\/asvfuchshecke.de\/index.php?rest_route=\/wp\/v2\/types\/page"}],"author":[{"embeddable":true,"href":"http:\/\/asvfuchshecke.de\/index.php?rest_route=\/wp\/v2\/users\/1"}],"replies":[{"embeddable":true,"href":"http:\/\/asvfuchshecke.de\/index.php?rest_route=%2Fwp%2Fv2%2Fcomments&post=192"}],"version-history":[{"count":4,"href":"http:\/\/asvfuchshecke.de\/index.php?rest_route=\/wp\/v2\/pages\/192\/revisions"}],"predecessor-version":[{"id":282,"href":"http:\/\/asvfuchshecke.de\/index.php?rest_route=\/wp\/v2\/pages\/192\/revisions\/282"}],"wp:attachment":[{"href":"http:\/\/asvfuchshecke.de\/index.php?rest_route=%2Fwp%2Fv2%2Fmedia&parent=192"}],"curies":[{"name":"wp","href":"https:\/\/api.w.org\/{rel}","templated":true}]}}