{"id":142,"date":"2019-02-03T09:05:16","date_gmt":"2019-02-03T09:05:16","guid":{"rendered":"http:\/\/asvfuchshecke.de\/?page_id=142"},"modified":"2019-02-03T09:05:16","modified_gmt":"2019-02-03T09:05:16","slug":"rotfeder","status":"publish","type":"page","link":"http:\/\/asvfuchshecke.de\/?page_id=142","title":{"rendered":"Rotfeder"},"content":{"rendered":"\n<figure class=\"wp-block-image\"><img loading=\"lazy\" decoding=\"async\" width=\"142\" height=\"81\" src=\"http:\/\/asvfuchshecke.de\/wp-content\/uploads\/2019\/01\/rotfederk.jpg\" alt=\"\" class=\"wp-image-37\"\/><\/figure>\n\n\n\n<ul class=\"wp-block-list\"><li>Merkmale  <ul><li>hochr\u00fcckiger, seitlich abgeflachter K\u00f6rper  <\/li><li>Bauchkante zwischen Bauchflossen und After gekielt  <\/li><li>Vorderende der R\u00fcckenflosse deutlich hinter Bauchflossenansatz  <\/li><li>enge, schr\u00e4ge Mundspalte  <\/li><li>goldgl\u00e4nzende Augen<br> <\/li><\/ul><\/li><li>F\u00e4rbung  <ul><li>R\u00fccken und Kopfoberseite graugr\u00fcn bis braungr\u00fcn  <\/li><li>Flanken heller mit mesingfarbenem Glanz  <\/li><li>Bauchseite silberfarben  <\/li><li>Bauchflossen, After- und R\u00fcckenflosse orangenfarben bis blutrot, am Ansatz  br\u00e4unlich<br> <\/li><li>Nahrung  <ul><li>Pflanzen  <\/li><li>Kleintiere<br> <\/li><\/ul><\/li><li>L\u00e4nge  <ul><li>20-30cm  <\/li><li>max. bis 45cm<br> <\/li><\/ul><\/li><\/ul><\/li><li><\/li><\/ul>\n","protected":false},"excerpt":{"rendered":"<p>Merkmale hochr\u00fcckiger, seitlich abgeflachter K\u00f6rper Bauchkante zwischen Bauchflossen und After gekielt Vorderende der R\u00fcckenflosse deutlich hinter Bauchflossenansatz enge, schr\u00e4ge Mundspalte goldgl\u00e4nzende Augen F\u00e4rbung R\u00fccken und Kopfoberseite graugr\u00fcn bis braungr\u00fcn Flanken heller mit mesingfarbenem Glanz Bauchseite silberfarben Bauchflossen, After- und R\u00fcckenflosse orangenfarben bis blutrot, am Ansatz br\u00e4unlich Nahrung Pflanzen Kleintiere L\u00e4nge 20-30cm max. bis 45cm<\/p>\n","protected":false},"author":1,"featured_media":0,"parent":0,"menu_order":0,"comment_status":"closed","ping_status":"closed","template":"","meta":{"jetpack_post_was_ever_published":false,"footnotes":""},"class_list":["post-142","page","type-page","status-publish","hentry"],"jetpack_sharing_enabled":true,"jetpack_shortlink":"https:\/\/wp.me\/PaGoX8-2i","_links":{"self":[{"href":"http:\/\/asvfuchshecke.de\/index.php?rest_route=\/wp\/v2\/pages\/142"}],"collection":[{"href":"http:\/\/asvfuchshecke.de\/index.php?rest_route=\/wp\/v2\/pages"}],"about":[{"href":"http:\/\/asvfuchshecke.de\/index.php?rest_route=\/wp\/v2\/types\/page"}],"author":[{"embeddable":true,"href":"http:\/\/asvfuchshecke.de\/index.php?rest_route=\/wp\/v2\/users\/1"}],"replies":[{"embeddable":true,"href":"http:\/\/asvfuchshecke.de\/index.php?rest_route=%2Fwp%2Fv2%2Fcomments&post=142"}],"version-history":[{"count":1,"href":"http:\/\/asvfuchshecke.de\/index.php?rest_route=\/wp\/v2\/pages\/142\/revisions"}],"predecessor-version":[{"id":143,"href":"http:\/\/asvfuchshecke.de\/index.php?rest_route=\/wp\/v2\/pages\/142\/revisions\/143"}],"wp:attachment":[{"href":"http:\/\/asvfuchshecke.de\/index.php?rest_route=%2Fwp%2Fv2%2Fmedia&parent=142"}],"curies":[{"name":"wp","href":"https:\/\/api.w.org\/{rel}","templated":true}]}}