{"id":140,"date":"2019-02-03T09:04:04","date_gmt":"2019-02-03T09:04:04","guid":{"rendered":"http:\/\/asvfuchshecke.de\/?page_id=140"},"modified":"2019-02-03T09:04:04","modified_gmt":"2019-02-03T09:04:04","slug":"rotauge","status":"publish","type":"page","link":"http:\/\/asvfuchshecke.de\/?page_id=140","title":{"rendered":"Rotauge"},"content":{"rendered":"\n<div class=\"wp-block-image\"><figure class=\"alignright\"><img loading=\"lazy\" decoding=\"async\" width=\"142\" height=\"81\" src=\"http:\/\/asvfuchshecke.de\/wp-content\/uploads\/2019\/01\/rotaugek.jpg\" alt=\"\" class=\"wp-image-36\"\/><\/figure><\/div>\n\n\n\n<ul class=\"wp-block-list\"><li>Merkmale  <ul><li>je nach Alter und Wohngew\u00e4sser mehr oder weniger hochr\u00fcckiger, seitlich  abgeflachter K\u00f6rper  <\/li><li>Bauchkante zwischen Bauchflosse und After gerundet  <\/li><li>Vorderende der R\u00fcckenflosse \u00fcber (oder nur knapp hinter) dem Ansatz der  Bauchflossen  <\/li><li>enge, fast waagrechte mundspalte  <\/li><li>rote Augen<br> <\/li><\/ul><\/li><li>F\u00e4rbung  <ul><li>R\u00fccken dunkelgr\u00fcn bis blaugr\u00fcn&lt;> <\/li><li>Bauch zur Laichzeit mit r\u00f6tlichen Glanz <\/li><\/ul><\/li><li>Brust-, Bauchflossen und Afterflosse r\u00f6tlich<br> <\/li><li>Nahrung  <ul><li>Kleintiere  <\/li><li>Pflanzen<br> <\/li><\/ul><\/li><li>L\u00e4nge  <ul><li>25-30cm  <\/li><li>max. bis 50cm<br><\/li><\/ul><\/li><\/ul>\n","protected":false},"excerpt":{"rendered":"<p>Merkmale je nach Alter und Wohngew\u00e4sser mehr oder weniger hochr\u00fcckiger, seitlich abgeflachter K\u00f6rper Bauchkante zwischen Bauchflosse und After gerundet Vorderende der R\u00fcckenflosse \u00fcber (oder nur knapp hinter) dem Ansatz der Bauchflossen enge, fast waagrechte mundspalte rote Augen F\u00e4rbung R\u00fccken dunkelgr\u00fcn bis blaugr\u00fcn&lt;> Bauch zur Laichzeit mit r\u00f6tlichen Glanz Brust-, Bauchflossen und Afterflosse r\u00f6tlich Nahrung Kleintiere &hellip; <\/p>\n<p class=\"link-more\"><a href=\"http:\/\/asvfuchshecke.de\/?page_id=140\" class=\"more-link\"><span class=\"screen-reader-text\">\u201eRotauge\u201c<\/span> weiterlesen<\/a><\/p>\n","protected":false},"author":1,"featured_media":0,"parent":0,"menu_order":0,"comment_status":"closed","ping_status":"closed","template":"","meta":{"jetpack_post_was_ever_published":false,"footnotes":""},"class_list":["post-140","page","type-page","status-publish","hentry"],"jetpack_sharing_enabled":true,"jetpack_shortlink":"https:\/\/wp.me\/PaGoX8-2g","_links":{"self":[{"href":"http:\/\/asvfuchshecke.de\/index.php?rest_route=\/wp\/v2\/pages\/140"}],"collection":[{"href":"http:\/\/asvfuchshecke.de\/index.php?rest_route=\/wp\/v2\/pages"}],"about":[{"href":"http:\/\/asvfuchshecke.de\/index.php?rest_route=\/wp\/v2\/types\/page"}],"author":[{"embeddable":true,"href":"http:\/\/asvfuchshecke.de\/index.php?rest_route=\/wp\/v2\/users\/1"}],"replies":[{"embeddable":true,"href":"http:\/\/asvfuchshecke.de\/index.php?rest_route=%2Fwp%2Fv2%2Fcomments&post=140"}],"version-history":[{"count":1,"href":"http:\/\/asvfuchshecke.de\/index.php?rest_route=\/wp\/v2\/pages\/140\/revisions"}],"predecessor-version":[{"id":141,"href":"http:\/\/asvfuchshecke.de\/index.php?rest_route=\/wp\/v2\/pages\/140\/revisions\/141"}],"wp:attachment":[{"href":"http:\/\/asvfuchshecke.de\/index.php?rest_route=%2Fwp%2Fv2%2Fmedia&parent=140"}],"curies":[{"name":"wp","href":"https:\/\/api.w.org\/{rel}","templated":true}]}}