{"id":138,"date":"2019-02-03T09:03:14","date_gmt":"2019-02-03T09:03:14","guid":{"rendered":"http:\/\/asvfuchshecke.de\/?page_id=138"},"modified":"2019-02-03T09:03:14","modified_gmt":"2019-02-03T09:03:14","slug":"regenbogenforelle","status":"publish","type":"page","link":"http:\/\/asvfuchshecke.de\/?page_id=138","title":{"rendered":"Regenbogenforelle"},"content":{"rendered":"\n<div class=\"wp-block-image\"><figure class=\"alignright\"><img loading=\"lazy\" decoding=\"async\" width=\"142\" height=\"78\" src=\"http:\/\/asvfuchshecke.de\/wp-content\/uploads\/2019\/01\/regenbogenforellek.jpg\" alt=\"\" class=\"wp-image-35\"\/><\/figure><\/div>\n\n\n\n<ul class=\"wp-block-list\"><li>Merkmale  <ul><li>langgstreckter, seitlich etwas abgeflachter K\u00f6rper  <\/li><li>Fettflosse zwischen R\u00fccken- und Schwanzflosse<br> <\/li><\/ul><\/li><li>F\u00e4rbung  <ul><li>Kopf, K\u00f6rper, R\u00fccken-, Fett- und Schwanzflosse mit vielen schwarzen Flecken  und Punkten  <\/li><li>auf den Flanken ein breites r\u00f6tliches L\u00e4ngsband<br> <\/li><\/ul><\/li><li>Nahrung  <ul><li>Kleintiere  <\/li><li>im Alter: Fische<br> <\/li><\/ul><\/li><li>L\u00e4nge  <ul><li>25-50cm  <\/li><li>max. bis 70cm und 7kg<br><\/li><\/ul><\/li><\/ul>\n","protected":false},"excerpt":{"rendered":"<p>Merkmale langgstreckter, seitlich etwas abgeflachter K\u00f6rper Fettflosse zwischen R\u00fccken- und Schwanzflosse F\u00e4rbung Kopf, K\u00f6rper, R\u00fccken-, Fett- und Schwanzflosse mit vielen schwarzen Flecken und Punkten auf den Flanken ein breites r\u00f6tliches L\u00e4ngsband Nahrung Kleintiere im Alter: Fische L\u00e4nge 25-50cm max. bis 70cm und 7kg<\/p>\n","protected":false},"author":1,"featured_media":0,"parent":0,"menu_order":0,"comment_status":"closed","ping_status":"closed","template":"","meta":{"jetpack_post_was_ever_published":false,"footnotes":""},"class_list":["post-138","page","type-page","status-publish","hentry"],"jetpack_sharing_enabled":true,"jetpack_shortlink":"https:\/\/wp.me\/PaGoX8-2e","_links":{"self":[{"href":"http:\/\/asvfuchshecke.de\/index.php?rest_route=\/wp\/v2\/pages\/138"}],"collection":[{"href":"http:\/\/asvfuchshecke.de\/index.php?rest_route=\/wp\/v2\/pages"}],"about":[{"href":"http:\/\/asvfuchshecke.de\/index.php?rest_route=\/wp\/v2\/types\/page"}],"author":[{"embeddable":true,"href":"http:\/\/asvfuchshecke.de\/index.php?rest_route=\/wp\/v2\/users\/1"}],"replies":[{"embeddable":true,"href":"http:\/\/asvfuchshecke.de\/index.php?rest_route=%2Fwp%2Fv2%2Fcomments&post=138"}],"version-history":[{"count":1,"href":"http:\/\/asvfuchshecke.de\/index.php?rest_route=\/wp\/v2\/pages\/138\/revisions"}],"predecessor-version":[{"id":139,"href":"http:\/\/asvfuchshecke.de\/index.php?rest_route=\/wp\/v2\/pages\/138\/revisions\/139"}],"wp:attachment":[{"href":"http:\/\/asvfuchshecke.de\/index.php?rest_route=%2Fwp%2Fv2%2Fmedia&parent=138"}],"curies":[{"name":"wp","href":"https:\/\/api.w.org\/{rel}","templated":true}]}}