{"id":136,"date":"2019-02-03T09:02:29","date_gmt":"2019-02-03T09:02:29","guid":{"rendered":"http:\/\/asvfuchshecke.de\/?page_id=136"},"modified":"2019-02-03T09:02:29","modified_gmt":"2019-02-03T09:02:29","slug":"karpfen","status":"publish","type":"page","link":"http:\/\/asvfuchshecke.de\/?page_id=136","title":{"rendered":"Karpfen"},"content":{"rendered":"\n<div class=\"wp-block-image\"><figure class=\"alignright\"><img loading=\"lazy\" decoding=\"async\" width=\"141\" height=\"75\" src=\"http:\/\/asvfuchshecke.de\/wp-content\/uploads\/2019\/01\/karpfenk.jpg\" alt=\"\" class=\"wp-image-34\"\/><\/figure><\/div>\n\n\n\n<ul class=\"wp-block-list\"><li>Merkmale  <ul><li>Stammform besitzt einen gestreckten, seitlich abgeflachten K\u00f6rper  <\/li><li>endst\u00e4ndiger, vorst\u00fclpbarer Mund  <\/li><li>4 Bartf\u00e4den (2 lange, 2 k\u00fcrzere)  <\/li><li>Schwanzflosse deutlich zweizipfelig<\/li><li>bei Zuchtformen, deren K\u00f6rperbau gestreckt oder hochr\u00fcckig sein kan,  unterscheidet man in:  <ol><li>Schuppenkarpfen (mit vollst\u00e4ndigen Schuppenkleid)  <\/li><li>Spiegelkarpfen (mit unregelm\u00e4\u00dfig veteilten &#8222;Spiegelschuppen&#8220;)  <\/li><li>Zeilkarpfen (mit einer Reihe gleich gro\u00dfer &#8222;Zeilschuppen&#8220; entlang der  Seitenlinie)  <\/li><li>Nackt- oder Schuppenkarpfen (ohne oder nur mit wenig  Schuppen) <br> <\/li><\/ol><\/li><\/ul><\/li><li>Nahrung  <ul><li>kleine Bodentiere  <\/li><li>Pflanzen<br> <\/li><\/ul><\/li><li>L\u00e4nge  <ul><li>25-75cm  <\/li><li>max. bis 120cm<br><\/li><\/ul><\/li><\/ul>\n","protected":false},"excerpt":{"rendered":"<p>Merkmale Stammform besitzt einen gestreckten, seitlich abgeflachten K\u00f6rper endst\u00e4ndiger, vorst\u00fclpbarer Mund 4 Bartf\u00e4den (2 lange, 2 k\u00fcrzere) Schwanzflosse deutlich zweizipfelig bei Zuchtformen, deren K\u00f6rperbau gestreckt oder hochr\u00fcckig sein kan, unterscheidet man in: Schuppenkarpfen (mit vollst\u00e4ndigen Schuppenkleid) Spiegelkarpfen (mit unregelm\u00e4\u00dfig veteilten &#8222;Spiegelschuppen&#8220;) Zeilkarpfen (mit einer Reihe gleich gro\u00dfer &#8222;Zeilschuppen&#8220; entlang der Seitenlinie) Nackt- oder Schuppenkarpfen (ohne &hellip; <\/p>\n<p class=\"link-more\"><a href=\"http:\/\/asvfuchshecke.de\/?page_id=136\" class=\"more-link\"><span class=\"screen-reader-text\">\u201eKarpfen\u201c<\/span> weiterlesen<\/a><\/p>\n","protected":false},"author":1,"featured_media":0,"parent":0,"menu_order":0,"comment_status":"closed","ping_status":"closed","template":"","meta":{"jetpack_post_was_ever_published":false,"footnotes":""},"class_list":["post-136","page","type-page","status-publish","hentry"],"jetpack_sharing_enabled":true,"jetpack_shortlink":"https:\/\/wp.me\/PaGoX8-2c","_links":{"self":[{"href":"http:\/\/asvfuchshecke.de\/index.php?rest_route=\/wp\/v2\/pages\/136"}],"collection":[{"href":"http:\/\/asvfuchshecke.de\/index.php?rest_route=\/wp\/v2\/pages"}],"about":[{"href":"http:\/\/asvfuchshecke.de\/index.php?rest_route=\/wp\/v2\/types\/page"}],"author":[{"embeddable":true,"href":"http:\/\/asvfuchshecke.de\/index.php?rest_route=\/wp\/v2\/users\/1"}],"replies":[{"embeddable":true,"href":"http:\/\/asvfuchshecke.de\/index.php?rest_route=%2Fwp%2Fv2%2Fcomments&post=136"}],"version-history":[{"count":1,"href":"http:\/\/asvfuchshecke.de\/index.php?rest_route=\/wp\/v2\/pages\/136\/revisions"}],"predecessor-version":[{"id":137,"href":"http:\/\/asvfuchshecke.de\/index.php?rest_route=\/wp\/v2\/pages\/136\/revisions\/137"}],"wp:attachment":[{"href":"http:\/\/asvfuchshecke.de\/index.php?rest_route=%2Fwp%2Fv2%2Fmedia&parent=136"}],"curies":[{"name":"wp","href":"https:\/\/api.w.org\/{rel}","templated":true}]}}