{"id":129,"date":"2019-02-03T08:59:55","date_gmt":"2019-02-03T08:59:55","guid":{"rendered":"http:\/\/asvfuchshecke.de\/?page_id=129"},"modified":"2019-02-03T08:59:55","modified_gmt":"2019-02-03T08:59:55","slug":"brasse","status":"publish","type":"page","link":"http:\/\/asvfuchshecke.de\/?page_id=129","title":{"rendered":"Brasse"},"content":{"rendered":"\n<div class=\"wp-block-image\"><figure class=\"alignright\"><img loading=\"lazy\" decoding=\"async\" width=\"142\" height=\"79\" src=\"http:\/\/asvfuchshecke.de\/wp-content\/uploads\/2019\/01\/brassenk.jpg\" alt=\"\" class=\"wp-image-32\"\/><\/figure><\/div>\n\n\n\n<ul class=\"wp-block-list\"><li>Merkmale  <ul><li>hochr\u00fcckiger, seitlich stark abgeflachter K\u00f6rper  <\/li><li>stumpfe Schnauze, fast unterst\u00e4ndiger Mundr  <\/li><li>Brustflosse reichen bis zum Ansatz der Bauchflossen  <\/li><li>Augendurchmesser kleiner als Schnauzenl\u00e4nge<br> <\/li><\/ul><\/li><li>F\u00e4rbung  <ul><li>R\u00fccken bleifarben bis schw\u00e4rzlich, meist mit Gr\u00fcnglanz  <\/li><li>Flanken heller, metallisch gl\u00e4nzend  <\/li><li>Bauch wei\u00dflich mit Perlmutglanz  <\/li><li>\u00e4ltere Tiere meist mit Goldglanz  <\/li><li>Unpaare Flossen dunkelgrau, Paarflossen hellgrau<br> <\/li><\/ul><\/li><li>Nahrung  <ul><li>kleine Bodentiere<br> <\/li><\/ul><\/li><li>L\u00e4nge  <ul><li>30-50cm  <\/li><li>max. bis 75cm<br><\/li><\/ul><\/li><\/ul>\n","protected":false},"excerpt":{"rendered":"<p>Merkmale hochr\u00fcckiger, seitlich stark abgeflachter K\u00f6rper stumpfe Schnauze, fast unterst\u00e4ndiger Mundr Brustflosse reichen bis zum Ansatz der Bauchflossen Augendurchmesser kleiner als Schnauzenl\u00e4nge F\u00e4rbung R\u00fccken bleifarben bis schw\u00e4rzlich, meist mit Gr\u00fcnglanz Flanken heller, metallisch gl\u00e4nzend Bauch wei\u00dflich mit Perlmutglanz \u00e4ltere Tiere meist mit Goldglanz Unpaare Flossen dunkelgrau, Paarflossen hellgrau Nahrung kleine Bodentiere L\u00e4nge 30-50cm max. bis &hellip; <\/p>\n<p class=\"link-more\"><a href=\"http:\/\/asvfuchshecke.de\/?page_id=129\" class=\"more-link\"><span class=\"screen-reader-text\">\u201eBrasse\u201c<\/span> weiterlesen<\/a><\/p>\n","protected":false},"author":1,"featured_media":0,"parent":0,"menu_order":0,"comment_status":"closed","ping_status":"closed","template":"","meta":{"jetpack_post_was_ever_published":false,"footnotes":""},"class_list":["post-129","page","type-page","status-publish","hentry"],"jetpack_sharing_enabled":true,"jetpack_shortlink":"https:\/\/wp.me\/PaGoX8-25","_links":{"self":[{"href":"http:\/\/asvfuchshecke.de\/index.php?rest_route=\/wp\/v2\/pages\/129"}],"collection":[{"href":"http:\/\/asvfuchshecke.de\/index.php?rest_route=\/wp\/v2\/pages"}],"about":[{"href":"http:\/\/asvfuchshecke.de\/index.php?rest_route=\/wp\/v2\/types\/page"}],"author":[{"embeddable":true,"href":"http:\/\/asvfuchshecke.de\/index.php?rest_route=\/wp\/v2\/users\/1"}],"replies":[{"embeddable":true,"href":"http:\/\/asvfuchshecke.de\/index.php?rest_route=%2Fwp%2Fv2%2Fcomments&post=129"}],"version-history":[{"count":1,"href":"http:\/\/asvfuchshecke.de\/index.php?rest_route=\/wp\/v2\/pages\/129\/revisions"}],"predecessor-version":[{"id":130,"href":"http:\/\/asvfuchshecke.de\/index.php?rest_route=\/wp\/v2\/pages\/129\/revisions\/130"}],"wp:attachment":[{"href":"http:\/\/asvfuchshecke.de\/index.php?rest_route=%2Fwp%2Fv2%2Fmedia&parent=129"}],"curies":[{"name":"wp","href":"https:\/\/api.w.org\/{rel}","templated":true}]}}