{"id":124,"date":"2019-02-03T08:52:37","date_gmt":"2019-02-03T08:52:37","guid":{"rendered":"http:\/\/asvfuchshecke.de\/?page_id=124"},"modified":"2019-02-03T09:00:30","modified_gmt":"2019-02-03T09:00:30","slug":"bachforelle","status":"publish","type":"page","link":"http:\/\/asvfuchshecke.de\/?page_id=124","title":{"rendered":"Bachforelle"},"content":{"rendered":"\n<div class=\"wp-block-image\"><figure class=\"alignright\"><img loading=\"lazy\" decoding=\"async\" width=\"142\" height=\"74\" src=\"http:\/\/asvfuchshecke.de\/wp-content\/uploads\/2019\/01\/bachforellek.jpg\" alt=\"\" class=\"wp-image-31\"\/><\/figure><\/div>\n\n\n\n<ul class=\"wp-block-list\"><li>Merkmale  <ul><li>langgstreckter, seitlich etwas abgeflachter K\u00f6rper;<br>\u00e4ltere Tiere  hochr\u00fcckiger als die Jungfische  <\/li><li>Fettflosse zwischen R\u00fccken- und Schwanzflosse<br> <\/li><\/ul><\/li><li>F\u00e4rbung  <ul><li>Flanken mit unterschiedlich gro\u00dfen, unregelm\u00e4\u00dfig geformten schwarzen Flecken  <\/li><li>dazwischen auch braune bis r\u00f6tliche Punkte und Ringe, vor allem bei  Jungfischen<br> <\/li><\/ul><\/li><li>Nahrung  <ul><li>Kleintiere  <\/li><li>im Alter: Fische<br> <\/li><\/ul><\/li><li>L\u00e4nge  <ul><li>40-80cm<br><\/li><\/ul><\/li><\/ul>\n","protected":false},"excerpt":{"rendered":"<p>Merkmale langgstreckter, seitlich etwas abgeflachter K\u00f6rper;\u00e4ltere Tiere hochr\u00fcckiger als die Jungfische Fettflosse zwischen R\u00fccken- und Schwanzflosse F\u00e4rbung Flanken mit unterschiedlich gro\u00dfen, unregelm\u00e4\u00dfig geformten schwarzen Flecken dazwischen auch braune bis r\u00f6tliche Punkte und Ringe, vor allem bei Jungfischen Nahrung Kleintiere im Alter: Fische L\u00e4nge 40-80cm<\/p>\n","protected":false},"author":1,"featured_media":0,"parent":0,"menu_order":0,"comment_status":"closed","ping_status":"closed","template":"","meta":{"jetpack_post_was_ever_published":false,"footnotes":""},"class_list":["post-124","page","type-page","status-publish","hentry"],"jetpack_sharing_enabled":true,"jetpack_shortlink":"https:\/\/wp.me\/PaGoX8-20","_links":{"self":[{"href":"http:\/\/asvfuchshecke.de\/index.php?rest_route=\/wp\/v2\/pages\/124"}],"collection":[{"href":"http:\/\/asvfuchshecke.de\/index.php?rest_route=\/wp\/v2\/pages"}],"about":[{"href":"http:\/\/asvfuchshecke.de\/index.php?rest_route=\/wp\/v2\/types\/page"}],"author":[{"embeddable":true,"href":"http:\/\/asvfuchshecke.de\/index.php?rest_route=\/wp\/v2\/users\/1"}],"replies":[{"embeddable":true,"href":"http:\/\/asvfuchshecke.de\/index.php?rest_route=%2Fwp%2Fv2%2Fcomments&post=124"}],"version-history":[{"count":2,"href":"http:\/\/asvfuchshecke.de\/index.php?rest_route=\/wp\/v2\/pages\/124\/revisions"}],"predecessor-version":[{"id":132,"href":"http:\/\/asvfuchshecke.de\/index.php?rest_route=\/wp\/v2\/pages\/124\/revisions\/132"}],"wp:attachment":[{"href":"http:\/\/asvfuchshecke.de\/index.php?rest_route=%2Fwp%2Fv2%2Fmedia&parent=124"}],"curies":[{"name":"wp","href":"https:\/\/api.w.org\/{rel}","templated":true}]}}