{"id":121,"date":"2019-02-03T08:46:06","date_gmt":"2019-02-03T08:46:06","guid":{"rendered":"http:\/\/asvfuchshecke.de\/?page_id=121"},"modified":"2019-02-03T09:00:17","modified_gmt":"2019-02-03T09:00:17","slug":"aal","status":"publish","type":"page","link":"http:\/\/asvfuchshecke.de\/?page_id=121","title":{"rendered":"Aal"},"content":{"rendered":"\n<div class=\"wp-block-image\"><figure class=\"alignright\"><img loading=\"lazy\" decoding=\"async\" width=\"142\" height=\"80\" src=\"http:\/\/asvfuchshecke.de\/wp-content\/uploads\/2019\/01\/aalk.jpg\" alt=\"\" class=\"wp-image-30\"\/><\/figure><\/div>\n\n\n\n<ul class=\"wp-block-list\"><li>Merkmale  <ul><li>schlangenartiger K\u00f6rper mit schleimiger Haut  <\/li><li>R\u00fccken-, Schwanz- und Afterflosse zu einem Flossensaum vereint  <\/li><li>Ansatz der R\u00fcckenflosse weit hinter der Brustflosse  <\/li><li>Bauchflossen fehlen<br> <\/li><\/ul><\/li><li>F\u00e4rbung  <ul><li>&#8222;Gelbaal&#8220;:  <ul><li>R\u00fccken olivbraun oder graubraun  <\/li><li>Bauchseite gelblich<\/li><\/ul><ul><li>&#8222;Blankaal&#8220; (bei Eintritt der Geschlechtsreife):  <ul><li>R\u00fccken dunkel graugr\u00fcn  <\/li><li>Flanken und Bauch stark silbergl\u00e4nzend<br> <\/li><\/ul><\/li><\/ul><\/li><\/ul><\/li><li>Nahrung  <ul><li>W\u00fcrmer  <\/li><li>Kleinkrebse  <\/li><li>Insektenlarven  <\/li><li>kleine Weichtiere  <\/li><li>Kleinfische  <\/li><li>Fr\u00f6sche<br> <\/li><\/ul><\/li><li>L\u00e4nge  <ul><li>M\u00e4nnchen bis 50cm  <\/li><li>Weibchen bis 150cm<\/li><\/ul><\/li><\/ul>\n\n\n\n<p><\/p>\n","protected":false},"excerpt":{"rendered":"<p>Merkmale schlangenartiger K\u00f6rper mit schleimiger Haut R\u00fccken-, Schwanz- und Afterflosse zu einem Flossensaum vereint Ansatz der R\u00fcckenflosse weit hinter der Brustflosse Bauchflossen fehlen F\u00e4rbung &#8222;Gelbaal&#8220;: R\u00fccken olivbraun oder graubraun Bauchseite gelblich &#8222;Blankaal&#8220; (bei Eintritt der Geschlechtsreife): R\u00fccken dunkel graugr\u00fcn Flanken und Bauch stark silbergl\u00e4nzend Nahrung W\u00fcrmer Kleinkrebse Insektenlarven kleine Weichtiere Kleinfische Fr\u00f6sche L\u00e4nge M\u00e4nnchen bis &hellip; <\/p>\n<p class=\"link-more\"><a href=\"http:\/\/asvfuchshecke.de\/?page_id=121\" class=\"more-link\"><span class=\"screen-reader-text\">\u201eAal\u201c<\/span> weiterlesen<\/a><\/p>\n","protected":false},"author":1,"featured_media":0,"parent":0,"menu_order":0,"comment_status":"closed","ping_status":"closed","template":"","meta":{"jetpack_post_was_ever_published":false,"footnotes":""},"class_list":["post-121","page","type-page","status-publish","hentry"],"jetpack_sharing_enabled":true,"jetpack_shortlink":"https:\/\/wp.me\/PaGoX8-1X","_links":{"self":[{"href":"http:\/\/asvfuchshecke.de\/index.php?rest_route=\/wp\/v2\/pages\/121"}],"collection":[{"href":"http:\/\/asvfuchshecke.de\/index.php?rest_route=\/wp\/v2\/pages"}],"about":[{"href":"http:\/\/asvfuchshecke.de\/index.php?rest_route=\/wp\/v2\/types\/page"}],"author":[{"embeddable":true,"href":"http:\/\/asvfuchshecke.de\/index.php?rest_route=\/wp\/v2\/users\/1"}],"replies":[{"embeddable":true,"href":"http:\/\/asvfuchshecke.de\/index.php?rest_route=%2Fwp%2Fv2%2Fcomments&post=121"}],"version-history":[{"count":3,"href":"http:\/\/asvfuchshecke.de\/index.php?rest_route=\/wp\/v2\/pages\/121\/revisions"}],"predecessor-version":[{"id":131,"href":"http:\/\/asvfuchshecke.de\/index.php?rest_route=\/wp\/v2\/pages\/121\/revisions\/131"}],"wp:attachment":[{"href":"http:\/\/asvfuchshecke.de\/index.php?rest_route=%2Fwp%2Fv2%2Fmedia&parent=121"}],"curies":[{"name":"wp","href":"https:\/\/api.w.org\/{rel}","templated":true}]}}