{"id":113,"date":"2019-02-01T18:38:36","date_gmt":"2019-02-01T18:38:36","guid":{"rendered":"http:\/\/asvfuchshecke.de\/?page_id=113"},"modified":"2019-02-03T09:37:32","modified_gmt":"2019-02-03T09:37:32","slug":"ihr-weg-zu-uns","status":"publish","type":"page","link":"http:\/\/asvfuchshecke.de\/?page_id=113","title":{"rendered":"Ihr Weg zu uns"},"content":{"rendered":"\n<p>Um unser Gew\u00e4sser zu erreichen fahren Sie am besten \u00fcber die Stra\u00dfe &#8222;Zum  Ziegenberg&#8220;. An der Kreuzung zur &#8222;Langenstra\u00dfe&#8220; befindet sich ein Feldweg dem  Sie ca. 250m folgen. Am Ende des Weges befindet sich ein Geschotterter Platz wo  Sie Ihr Fahrzeug abstellen k\u00f6nnen. Den Rest des Weges m\u00fcssen Sie zu Fu\u00df  bew\u00e4ltigen. Dem Weg hinter der Schranke folgen und nach ca. 200m erreichen Sie  das Gew\u00e4sser.<\/p>\n\n\n\n<p>Falls es aus Gesundheitlichen Gr\u00fcnden nicht m\u00f6glich ist diese Strecke zu Fu\u00df \nzu laufen nehmen Sie bitte mit uns Kontakt auf. Wir werden uns bem\u00fchen eine \npassende L\u00f6sung zu finden.<\/p>\n\n\n\n<figure class=\"wp-block-image\"><img loading=\"lazy\" decoding=\"async\" width=\"1024\" height=\"436\" src=\"http:\/\/asvfuchshecke.de\/wp-content\/uploads\/2019\/01\/Wegbeschreibung-1024x436.jpg\" alt=\"\" class=\"wp-image-39\" srcset=\"http:\/\/asvfuchshecke.de\/wp-content\/uploads\/2019\/01\/Wegbeschreibung-1024x436.jpg 1024w, http:\/\/asvfuchshecke.de\/wp-content\/uploads\/2019\/01\/Wegbeschreibung-300x128.jpg 300w, http:\/\/asvfuchshecke.de\/wp-content\/uploads\/2019\/01\/Wegbeschreibung-768x327.jpg 768w, http:\/\/asvfuchshecke.de\/wp-content\/uploads\/2019\/01\/Wegbeschreibung.jpg 1025w\" sizes=\"(max-width: 706px) 89vw, (max-width: 767px) 82vw, 740px\" \/><figcaption><strong>51\u00b014&#8217;19.8&#8243;N 9\u00b046&#8217;11.3&#8243;E <\/strong><\/figcaption><\/figure>\n\n\n\n<iframe loading=\"lazy\" src=\"https:\/\/www.google.com\/maps\/d\/embed?mid=1ogFX2DNqgQ-b4ltlTRQQJTpLzPDaI2IY\" width=\"640\" height=\"480\"><\/iframe>\n","protected":false},"excerpt":{"rendered":"<p>Um unser Gew\u00e4sser zu erreichen fahren Sie am besten \u00fcber die Stra\u00dfe &#8222;Zum Ziegenberg&#8220;. An der Kreuzung zur &#8222;Langenstra\u00dfe&#8220; befindet sich ein Feldweg dem Sie ca. 250m folgen. Am Ende des Weges befindet sich ein Geschotterter Platz wo Sie Ihr Fahrzeug abstellen k\u00f6nnen. Den Rest des Weges m\u00fcssen Sie zu Fu\u00df bew\u00e4ltigen. Dem Weg hinter &hellip; <\/p>\n<p class=\"link-more\"><a href=\"http:\/\/asvfuchshecke.de\/?page_id=113\" class=\"more-link\"><span class=\"screen-reader-text\">\u201eIhr Weg zu uns\u201c<\/span> weiterlesen<\/a><\/p>\n","protected":false},"author":1,"featured_media":0,"parent":0,"menu_order":0,"comment_status":"closed","ping_status":"closed","template":"","meta":{"jetpack_post_was_ever_published":false,"footnotes":""},"class_list":["post-113","page","type-page","status-publish","hentry"],"jetpack_sharing_enabled":true,"jetpack_shortlink":"https:\/\/wp.me\/PaGoX8-1P","_links":{"self":[{"href":"http:\/\/asvfuchshecke.de\/index.php?rest_route=\/wp\/v2\/pages\/113"}],"collection":[{"href":"http:\/\/asvfuchshecke.de\/index.php?rest_route=\/wp\/v2\/pages"}],"about":[{"href":"http:\/\/asvfuchshecke.de\/index.php?rest_route=\/wp\/v2\/types\/page"}],"author":[{"embeddable":true,"href":"http:\/\/asvfuchshecke.de\/index.php?rest_route=\/wp\/v2\/users\/1"}],"replies":[{"embeddable":true,"href":"http:\/\/asvfuchshecke.de\/index.php?rest_route=%2Fwp%2Fv2%2Fcomments&post=113"}],"version-history":[{"count":4,"href":"http:\/\/asvfuchshecke.de\/index.php?rest_route=\/wp\/v2\/pages\/113\/revisions"}],"predecessor-version":[{"id":167,"href":"http:\/\/asvfuchshecke.de\/index.php?rest_route=\/wp\/v2\/pages\/113\/revisions\/167"}],"wp:attachment":[{"href":"http:\/\/asvfuchshecke.de\/index.php?rest_route=%2Fwp%2Fv2%2Fmedia&parent=113"}],"curies":[{"name":"wp","href":"https:\/\/api.w.org\/{rel}","templated":true}]}}